{"id":238048,"date":"2025-03-27T14:56:09","date_gmt":"2025-03-27T14:56:09","guid":{"rendered":"https:\/\/www.domaine-fritsch.envol-dev.com\/produit\/aoc-alsace-grand-cru-steinklotz-riesling\/"},"modified":"2025-03-27T14:56:09","modified_gmt":"2025-03-27T14:56:09","slug":"aoc-alsace-grand-cru-steinklotz-riesling","status":"publish","type":"product","link":"https:\/\/domaine-fritsch.com\/de\/produit\/aoc-alsace-grand-cru-steinklotz-riesling\/","title":{"rendered":"AOC Alsace Grand Cru Steinklotz Riesling"},"content":{"rendered":"<p>Der kalkhaltige Boden von Steinklotz und seine ideale S\u00fcd-S\u00fcd-Ost-Ausrichtung erm\u00f6glichen es den Trauben, die auf diesem Boden wachsen, eine optimale Reife zu erreichen, um ausgewogene Weine zu produzieren. Das Lesegut wird sorgf\u00e4ltig sortiert und die Trauben werden sehr sanft und lange gepresst. Wenn die Weine in den ersten Monaten etwas zur\u00fcckhaltender erscheinen, entfalten sie nach einigen Monaten ihre fruchtigen Aromen, bevor sie nach einigen Jahren des Ausbaus das Terroir integrieren. Der Grand Cru Steinklotz dr\u00fcckt sich im Riesling mit Noten von reifen Zitrusfr\u00fcchten, insbesondere Grapefruit, und einer sehr feinen und geschmeidigen S\u00e4ure aus, bevor er einem minzigen und mineralischen Gef\u00fchl Platz macht. Wei\u00dfes Fleisch und gekochter Fisch sind ein idealer Begleiter.    <\/p>\n","protected":false},"excerpt":{"rendered":"<p>Das kalkhaltige Terroir von Steinklotz veredelt die frischen und vielseitigen Aromen der Rieslinge in ihrer Jugend, bevor sie sich nach einigen Jahren der Reifung mineralisch \u00f6ffnen.<\/p>\n","protected":false},"featured_media":237395,"comment_status":"closed","ping_status":"closed","template":"","meta":{"_et_pb_use_builder":"","_et_pb_old_content":"","_et_gb_content_width":""},"product_brand":[],"product_cat":[214],"product_tag":[],"class_list":{"0":"post-238048","1":"product","2":"type-product","3":"status-publish","4":"has-post-thumbnail","6":"product_cat-grands-crus-steinklotz-de","8":"first","9":"instock","10":"shipping-taxable","11":"product-type-simple"},"yoast_head":"<!-- This site is optimized with the Yoast SEO plugin v26.7 - https:\/\/yoast.com\/wordpress\/plugins\/seo\/ -->\n<title>AOC Alsace Grand Cru Steinklotz Riesling - Domaine Fritsch<\/title>\n<meta name=\"description\" content=\"Dieser trockene Riesling bringt die ganze kalkhaltige Kraft des Grand Cru Steinklotz zum Ausdruck. Klare Farbe, Aromen von Zitrusfr\u00fcchten und mineralische Spannung sorgen f\u00fcr eine lange Lagerf\u00e4higkeit.\" \/>\n<meta name=\"robots\" content=\"index, follow, max-snippet:-1, max-image-preview:large, max-video-preview:-1\" \/>\n<link rel=\"canonical\" href=\"https:\/\/domaine-fritsch.com\/de\/produit\/aoc-alsace-grand-cru-steinklotz-riesling\/\" \/>\n<meta property=\"og:locale\" content=\"de_DE\" \/>\n<meta property=\"og:type\" content=\"article\" \/>\n<meta property=\"og:title\" content=\"AOC Alsace Grand Cru Steinklotz Riesling - Domaine Fritsch\" \/>\n<meta property=\"og:description\" content=\"Dieser trockene Riesling bringt die ganze kalkhaltige Kraft des Grand Cru Steinklotz zum Ausdruck. Klare Farbe, Aromen von Zitrusfr\u00fcchten und mineralische Spannung sorgen f\u00fcr eine lange Lagerf\u00e4higkeit.\" \/>\n<meta property=\"og:url\" content=\"https:\/\/domaine-fritsch.com\/de\/produit\/aoc-alsace-grand-cru-steinklotz-riesling\/\" \/>\n<meta property=\"og:site_name\" content=\"Domaine Fritsch\" \/>\n<meta property=\"og:image\" content=\"https:\/\/domaine-fritsch.com\/wp-content\/uploads\/2025\/03\/riesling-grand-cru-steinklotz.png\" \/>\n\t<meta property=\"og:image:width\" content=\"450\" \/>\n\t<meta property=\"og:image:height\" content=\"800\" \/>\n\t<meta property=\"og:image:type\" content=\"image\/png\" \/>\n<meta name=\"twitter:card\" content=\"summary_large_image\" \/>\n<meta name=\"twitter:label1\" content=\"Gesch\u00e4tzte Lesezeit\" \/>\n\t<meta name=\"twitter:data1\" content=\"1\u00a0Minute\" \/>\n<script type=\"application\/ld+json\" class=\"yoast-schema-graph\">{\"@context\":\"https:\/\/schema.org\",\"@graph\":[{\"@type\":\"WebPage\",\"@id\":\"https:\/\/domaine-fritsch.com\/de\/produit\/aoc-alsace-grand-cru-steinklotz-riesling\/\",\"url\":\"https:\/\/domaine-fritsch.com\/de\/produit\/aoc-alsace-grand-cru-steinklotz-riesling\/\",\"name\":\"AOC Alsace Grand Cru Steinklotz Riesling - Domaine Fritsch\",\"isPartOf\":{\"@id\":\"https:\/\/domaine-fritsch.com\/de\/#website\"},\"primaryImageOfPage\":{\"@id\":\"https:\/\/domaine-fritsch.com\/de\/produit\/aoc-alsace-grand-cru-steinklotz-riesling\/#primaryimage\"},\"image\":{\"@id\":\"https:\/\/domaine-fritsch.com\/de\/produit\/aoc-alsace-grand-cru-steinklotz-riesling\/#primaryimage\"},\"thumbnailUrl\":\"https:\/\/domaine-fritsch.com\/wp-content\/uploads\/2025\/03\/riesling-grand-cru-steinklotz.png\",\"datePublished\":\"2025-03-27T14:56:09+00:00\",\"description\":\"Dieser trockene Riesling bringt die ganze kalkhaltige Kraft des Grand Cru Steinklotz zum Ausdruck. Klare Farbe, Aromen von Zitrusfr\u00fcchten und mineralische Spannung sorgen f\u00fcr eine lange Lagerf\u00e4higkeit.\",\"breadcrumb\":{\"@id\":\"https:\/\/domaine-fritsch.com\/de\/produit\/aoc-alsace-grand-cru-steinklotz-riesling\/#breadcrumb\"},\"inLanguage\":\"de\",\"potentialAction\":[{\"@type\":\"ReadAction\",\"target\":[\"https:\/\/domaine-fritsch.com\/de\/produit\/aoc-alsace-grand-cru-steinklotz-riesling\/\"]}]},{\"@type\":\"ImageObject\",\"inLanguage\":\"de\",\"@id\":\"https:\/\/domaine-fritsch.com\/de\/produit\/aoc-alsace-grand-cru-steinklotz-riesling\/#primaryimage\",\"url\":\"https:\/\/domaine-fritsch.com\/wp-content\/uploads\/2025\/03\/riesling-grand-cru-steinklotz.png\",\"contentUrl\":\"https:\/\/domaine-fritsch.com\/wp-content\/uploads\/2025\/03\/riesling-grand-cru-steinklotz.png\",\"width\":450,\"height\":800},{\"@type\":\"BreadcrumbList\",\"@id\":\"https:\/\/domaine-fritsch.com\/de\/produit\/aoc-alsace-grand-cru-steinklotz-riesling\/#breadcrumb\",\"itemListElement\":[{\"@type\":\"ListItem\",\"position\":1,\"name\":\"Accueil\",\"item\":\"https:\/\/domaine-fritsch.com\/de\/startseite\/\"},{\"@type\":\"ListItem\",\"position\":2,\"name\":\"Produkte\",\"item\":\"https:\/\/domaine-fritsch.com\/de\/shop\/\"},{\"@type\":\"ListItem\",\"position\":3,\"name\":\"AOC Alsace Grand Cru Steinklotz Riesling\"}]},{\"@type\":\"WebSite\",\"@id\":\"https:\/\/domaine-fritsch.com\/de\/#website\",\"url\":\"https:\/\/domaine-fritsch.com\/de\/\",\"name\":\"Domaine Fritsch\",\"description\":\"Vignerons \u00e0 Marlenheim\",\"potentialAction\":[{\"@type\":\"SearchAction\",\"target\":{\"@type\":\"EntryPoint\",\"urlTemplate\":\"https:\/\/domaine-fritsch.com\/de\/?s={search_term_string}\"},\"query-input\":{\"@type\":\"PropertyValueSpecification\",\"valueRequired\":true,\"valueName\":\"search_term_string\"}}],\"inLanguage\":\"de\"}]}<\/script>\n<!-- \/ Yoast SEO plugin. -->","yoast_head_json":{"title":"AOC Alsace Grand Cru Steinklotz Riesling - Domaine Fritsch","description":"Dieser trockene Riesling bringt die ganze kalkhaltige Kraft des Grand Cru Steinklotz zum Ausdruck. Klare Farbe, Aromen von Zitrusfr\u00fcchten und mineralische Spannung sorgen f\u00fcr eine lange Lagerf\u00e4higkeit.","robots":{"index":"index","follow":"follow","max-snippet":"max-snippet:-1","max-image-preview":"max-image-preview:large","max-video-preview":"max-video-preview:-1"},"canonical":"https:\/\/domaine-fritsch.com\/de\/produit\/aoc-alsace-grand-cru-steinklotz-riesling\/","og_locale":"de_DE","og_type":"article","og_title":"AOC Alsace Grand Cru Steinklotz Riesling - Domaine Fritsch","og_description":"Dieser trockene Riesling bringt die ganze kalkhaltige Kraft des Grand Cru Steinklotz zum Ausdruck. Klare Farbe, Aromen von Zitrusfr\u00fcchten und mineralische Spannung sorgen f\u00fcr eine lange Lagerf\u00e4higkeit.","og_url":"https:\/\/domaine-fritsch.com\/de\/produit\/aoc-alsace-grand-cru-steinklotz-riesling\/","og_site_name":"Domaine Fritsch","og_image":[{"width":450,"height":800,"url":"https:\/\/domaine-fritsch.com\/wp-content\/uploads\/2025\/03\/riesling-grand-cru-steinklotz.png","type":"image\/png"}],"twitter_card":"summary_large_image","twitter_misc":{"Gesch\u00e4tzte Lesezeit":"1\u00a0Minute"},"schema":{"@context":"https:\/\/schema.org","@graph":[{"@type":"WebPage","@id":"https:\/\/domaine-fritsch.com\/de\/produit\/aoc-alsace-grand-cru-steinklotz-riesling\/","url":"https:\/\/domaine-fritsch.com\/de\/produit\/aoc-alsace-grand-cru-steinklotz-riesling\/","name":"AOC Alsace Grand Cru Steinklotz Riesling - Domaine Fritsch","isPartOf":{"@id":"https:\/\/domaine-fritsch.com\/de\/#website"},"primaryImageOfPage":{"@id":"https:\/\/domaine-fritsch.com\/de\/produit\/aoc-alsace-grand-cru-steinklotz-riesling\/#primaryimage"},"image":{"@id":"https:\/\/domaine-fritsch.com\/de\/produit\/aoc-alsace-grand-cru-steinklotz-riesling\/#primaryimage"},"thumbnailUrl":"https:\/\/domaine-fritsch.com\/wp-content\/uploads\/2025\/03\/riesling-grand-cru-steinklotz.png","datePublished":"2025-03-27T14:56:09+00:00","description":"Dieser trockene Riesling bringt die ganze kalkhaltige Kraft des Grand Cru Steinklotz zum Ausdruck. Klare Farbe, Aromen von Zitrusfr\u00fcchten und mineralische Spannung sorgen f\u00fcr eine lange Lagerf\u00e4higkeit.","breadcrumb":{"@id":"https:\/\/domaine-fritsch.com\/de\/produit\/aoc-alsace-grand-cru-steinklotz-riesling\/#breadcrumb"},"inLanguage":"de","potentialAction":[{"@type":"ReadAction","target":["https:\/\/domaine-fritsch.com\/de\/produit\/aoc-alsace-grand-cru-steinklotz-riesling\/"]}]},{"@type":"ImageObject","inLanguage":"de","@id":"https:\/\/domaine-fritsch.com\/de\/produit\/aoc-alsace-grand-cru-steinklotz-riesling\/#primaryimage","url":"https:\/\/domaine-fritsch.com\/wp-content\/uploads\/2025\/03\/riesling-grand-cru-steinklotz.png","contentUrl":"https:\/\/domaine-fritsch.com\/wp-content\/uploads\/2025\/03\/riesling-grand-cru-steinklotz.png","width":450,"height":800},{"@type":"BreadcrumbList","@id":"https:\/\/domaine-fritsch.com\/de\/produit\/aoc-alsace-grand-cru-steinklotz-riesling\/#breadcrumb","itemListElement":[{"@type":"ListItem","position":1,"name":"Accueil","item":"https:\/\/domaine-fritsch.com\/de\/startseite\/"},{"@type":"ListItem","position":2,"name":"Produkte","item":"https:\/\/domaine-fritsch.com\/de\/shop\/"},{"@type":"ListItem","position":3,"name":"AOC Alsace Grand Cru Steinklotz Riesling"}]},{"@type":"WebSite","@id":"https:\/\/domaine-fritsch.com\/de\/#website","url":"https:\/\/domaine-fritsch.com\/de\/","name":"Domaine Fritsch","description":"Vignerons \u00e0 Marlenheim","potentialAction":[{"@type":"SearchAction","target":{"@type":"EntryPoint","urlTemplate":"https:\/\/domaine-fritsch.com\/de\/?s={search_term_string}"},"query-input":{"@type":"PropertyValueSpecification","valueRequired":true,"valueName":"search_term_string"}}],"inLanguage":"de"}]}},"_links":{"self":[{"href":"https:\/\/domaine-fritsch.com\/de\/wp-json\/wp\/v2\/product\/238048","targetHints":{"allow":["GET"]}}],"collection":[{"href":"https:\/\/domaine-fritsch.com\/de\/wp-json\/wp\/v2\/product"}],"about":[{"href":"https:\/\/domaine-fritsch.com\/de\/wp-json\/wp\/v2\/types\/product"}],"replies":[{"embeddable":true,"href":"https:\/\/domaine-fritsch.com\/de\/wp-json\/wp\/v2\/comments?post=238048"}],"wp:featuredmedia":[{"embeddable":true,"href":"https:\/\/domaine-fritsch.com\/de\/wp-json\/wp\/v2\/media\/237395"}],"wp:attachment":[{"href":"https:\/\/domaine-fritsch.com\/de\/wp-json\/wp\/v2\/media?parent=238048"}],"wp:term":[{"taxonomy":"product_brand","embeddable":true,"href":"https:\/\/domaine-fritsch.com\/de\/wp-json\/wp\/v2\/product_brand?post=238048"},{"taxonomy":"product_cat","embeddable":true,"href":"https:\/\/domaine-fritsch.com\/de\/wp-json\/wp\/v2\/product_cat?post=238048"},{"taxonomy":"product_tag","embeddable":true,"href":"https:\/\/domaine-fritsch.com\/de\/wp-json\/wp\/v2\/product_tag?post=238048"}],"curies":[{"name":"wp","href":"https:\/\/api.w.org\/{rel}","templated":true}]}}