{"id":238049,"date":"2025-03-27T14:56:09","date_gmt":"2025-03-27T14:56:09","guid":{"rendered":"https:\/\/www.domaine-fritsch.envol-dev.com\/produit\/aoc-alsace-pinot-noir-marlemer\/"},"modified":"2025-03-27T14:56:09","modified_gmt":"2025-03-27T14:56:09","slug":"aoc-alsace-pinot-noir-marlemer","status":"publish","type":"product","link":"https:\/\/domaine-fritsch.com\/de\/produit\/aoc-alsace-pinot-noir-marlemer\/","title":{"rendered":"AOC Alsace Pinot Noir Marlemer"},"content":{"rendered":"<p>Dieser Pinot Noir wird bei optimaler Reife geerntet, um ein Gleichgewicht zwischen seiner S\u00e4ure, die f\u00fcr seine Struktur sehr wichtig ist, und der Fruchtigkeit, die f\u00fcr die Weine unserer kalkhaltigen Terroirs charakteristisch ist, zu gew\u00e4hrleisten. Nach einer Maischeg\u00e4rung von etwa einer Woche, um nicht zu viele Tannine zu extrahieren, beenden wir die Weinbereitung und den Ausbau in INOX-Tanks. Er entfaltet Aromen von Sauerkirsche und kann zu gegrilltem Fleisch, Wurstwaren oder unserem traditionellen Flammkuchen genossen werden.<\/p>\n","protected":false},"excerpt":{"rendered":"<p>Der Pinot Noir Marlemer, der nach els\u00e4ssischer Art vinifiziert wurde, zeigt rote Fr\u00fcchte und ein sch\u00f6nes Gleichgewicht am Gaumen. Ein Wein, der leicht zu kombinieren ist.<\/p>\n","protected":false},"featured_media":237389,"comment_status":"closed","ping_status":"closed","template":"","meta":{"_et_pb_use_builder":"","_et_pb_old_content":"","_et_gb_content_width":""},"product_brand":[],"product_cat":[237],"product_tag":[],"class_list":{"0":"post-238049","1":"product","2":"type-product","3":"status-publish","4":"has-post-thumbnail","6":"product_cat-rot","8":"first","9":"instock","10":"shipping-taxable","11":"product-type-simple"},"yoast_head":"<!-- This site is optimized with the Yoast SEO plugin v26.7 - https:\/\/yoast.com\/wordpress\/plugins\/seo\/ -->\n<title>AOC Alsace Pinot Noir Marlemer - Domaine Fritsch<\/title>\n<meta name=\"description\" content=\"Dieser Pinot Noir hat eine rubinrote Farbe und eine Nase von Kirschen und Gew\u00fcrzen. Elegant und strukturiert, passt er zu gegrilltem Fleisch oder charaktervollen Gerichten.\" \/>\n<meta name=\"robots\" content=\"index, follow, max-snippet:-1, max-image-preview:large, max-video-preview:-1\" \/>\n<link rel=\"canonical\" href=\"https:\/\/domaine-fritsch.com\/de\/produit\/aoc-alsace-pinot-noir-marlemer\/\" \/>\n<meta property=\"og:locale\" content=\"de_DE\" \/>\n<meta property=\"og:type\" content=\"article\" \/>\n<meta property=\"og:title\" content=\"AOC Alsace Pinot Noir Marlemer - Domaine Fritsch\" \/>\n<meta property=\"og:description\" content=\"Dieser Pinot Noir hat eine rubinrote Farbe und eine Nase von Kirschen und Gew\u00fcrzen. Elegant und strukturiert, passt er zu gegrilltem Fleisch oder charaktervollen Gerichten.\" \/>\n<meta property=\"og:url\" content=\"https:\/\/domaine-fritsch.com\/de\/produit\/aoc-alsace-pinot-noir-marlemer\/\" \/>\n<meta property=\"og:site_name\" content=\"Domaine Fritsch\" \/>\n<meta property=\"og:image\" content=\"https:\/\/domaine-fritsch.com\/wp-content\/uploads\/2025\/03\/pinot-noir-marlemer.png\" \/>\n\t<meta property=\"og:image:width\" content=\"450\" \/>\n\t<meta property=\"og:image:height\" content=\"800\" \/>\n\t<meta property=\"og:image:type\" content=\"image\/png\" \/>\n<meta name=\"twitter:card\" content=\"summary_large_image\" \/>\n<script type=\"application\/ld+json\" class=\"yoast-schema-graph\">{\"@context\":\"https:\/\/schema.org\",\"@graph\":[{\"@type\":\"WebPage\",\"@id\":\"https:\/\/domaine-fritsch.com\/de\/produit\/aoc-alsace-pinot-noir-marlemer\/\",\"url\":\"https:\/\/domaine-fritsch.com\/de\/produit\/aoc-alsace-pinot-noir-marlemer\/\",\"name\":\"AOC Alsace Pinot Noir Marlemer - Domaine Fritsch\",\"isPartOf\":{\"@id\":\"https:\/\/domaine-fritsch.com\/de\/#website\"},\"primaryImageOfPage\":{\"@id\":\"https:\/\/domaine-fritsch.com\/de\/produit\/aoc-alsace-pinot-noir-marlemer\/#primaryimage\"},\"image\":{\"@id\":\"https:\/\/domaine-fritsch.com\/de\/produit\/aoc-alsace-pinot-noir-marlemer\/#primaryimage\"},\"thumbnailUrl\":\"https:\/\/domaine-fritsch.com\/wp-content\/uploads\/2025\/03\/pinot-noir-marlemer.png\",\"datePublished\":\"2025-03-27T14:56:09+00:00\",\"description\":\"Dieser Pinot Noir hat eine rubinrote Farbe und eine Nase von Kirschen und Gew\u00fcrzen. Elegant und strukturiert, passt er zu gegrilltem Fleisch oder charaktervollen Gerichten.\",\"breadcrumb\":{\"@id\":\"https:\/\/domaine-fritsch.com\/de\/produit\/aoc-alsace-pinot-noir-marlemer\/#breadcrumb\"},\"inLanguage\":\"de\",\"potentialAction\":[{\"@type\":\"ReadAction\",\"target\":[\"https:\/\/domaine-fritsch.com\/de\/produit\/aoc-alsace-pinot-noir-marlemer\/\"]}]},{\"@type\":\"ImageObject\",\"inLanguage\":\"de\",\"@id\":\"https:\/\/domaine-fritsch.com\/de\/produit\/aoc-alsace-pinot-noir-marlemer\/#primaryimage\",\"url\":\"https:\/\/domaine-fritsch.com\/wp-content\/uploads\/2025\/03\/pinot-noir-marlemer.png\",\"contentUrl\":\"https:\/\/domaine-fritsch.com\/wp-content\/uploads\/2025\/03\/pinot-noir-marlemer.png\",\"width\":450,\"height\":800},{\"@type\":\"BreadcrumbList\",\"@id\":\"https:\/\/domaine-fritsch.com\/de\/produit\/aoc-alsace-pinot-noir-marlemer\/#breadcrumb\",\"itemListElement\":[{\"@type\":\"ListItem\",\"position\":1,\"name\":\"Accueil\",\"item\":\"https:\/\/domaine-fritsch.com\/de\/startseite\/\"},{\"@type\":\"ListItem\",\"position\":2,\"name\":\"Produkte\",\"item\":\"https:\/\/domaine-fritsch.com\/de\/shop\/\"},{\"@type\":\"ListItem\",\"position\":3,\"name\":\"AOC Alsace Pinot Noir Marlemer\"}]},{\"@type\":\"WebSite\",\"@id\":\"https:\/\/domaine-fritsch.com\/de\/#website\",\"url\":\"https:\/\/domaine-fritsch.com\/de\/\",\"name\":\"Domaine Fritsch\",\"description\":\"Vignerons \u00e0 Marlenheim\",\"potentialAction\":[{\"@type\":\"SearchAction\",\"target\":{\"@type\":\"EntryPoint\",\"urlTemplate\":\"https:\/\/domaine-fritsch.com\/de\/?s={search_term_string}\"},\"query-input\":{\"@type\":\"PropertyValueSpecification\",\"valueRequired\":true,\"valueName\":\"search_term_string\"}}],\"inLanguage\":\"de\"}]}<\/script>\n<!-- \/ Yoast SEO plugin. -->","yoast_head_json":{"title":"AOC Alsace Pinot Noir Marlemer - Domaine Fritsch","description":"Dieser Pinot Noir hat eine rubinrote Farbe und eine Nase von Kirschen und Gew\u00fcrzen. Elegant und strukturiert, passt er zu gegrilltem Fleisch oder charaktervollen Gerichten.","robots":{"index":"index","follow":"follow","max-snippet":"max-snippet:-1","max-image-preview":"max-image-preview:large","max-video-preview":"max-video-preview:-1"},"canonical":"https:\/\/domaine-fritsch.com\/de\/produit\/aoc-alsace-pinot-noir-marlemer\/","og_locale":"de_DE","og_type":"article","og_title":"AOC Alsace Pinot Noir Marlemer - Domaine Fritsch","og_description":"Dieser Pinot Noir hat eine rubinrote Farbe und eine Nase von Kirschen und Gew\u00fcrzen. Elegant und strukturiert, passt er zu gegrilltem Fleisch oder charaktervollen Gerichten.","og_url":"https:\/\/domaine-fritsch.com\/de\/produit\/aoc-alsace-pinot-noir-marlemer\/","og_site_name":"Domaine Fritsch","og_image":[{"width":450,"height":800,"url":"https:\/\/domaine-fritsch.com\/wp-content\/uploads\/2025\/03\/pinot-noir-marlemer.png","type":"image\/png"}],"twitter_card":"summary_large_image","schema":{"@context":"https:\/\/schema.org","@graph":[{"@type":"WebPage","@id":"https:\/\/domaine-fritsch.com\/de\/produit\/aoc-alsace-pinot-noir-marlemer\/","url":"https:\/\/domaine-fritsch.com\/de\/produit\/aoc-alsace-pinot-noir-marlemer\/","name":"AOC Alsace Pinot Noir Marlemer - Domaine Fritsch","isPartOf":{"@id":"https:\/\/domaine-fritsch.com\/de\/#website"},"primaryImageOfPage":{"@id":"https:\/\/domaine-fritsch.com\/de\/produit\/aoc-alsace-pinot-noir-marlemer\/#primaryimage"},"image":{"@id":"https:\/\/domaine-fritsch.com\/de\/produit\/aoc-alsace-pinot-noir-marlemer\/#primaryimage"},"thumbnailUrl":"https:\/\/domaine-fritsch.com\/wp-content\/uploads\/2025\/03\/pinot-noir-marlemer.png","datePublished":"2025-03-27T14:56:09+00:00","description":"Dieser Pinot Noir hat eine rubinrote Farbe und eine Nase von Kirschen und Gew\u00fcrzen. Elegant und strukturiert, passt er zu gegrilltem Fleisch oder charaktervollen Gerichten.","breadcrumb":{"@id":"https:\/\/domaine-fritsch.com\/de\/produit\/aoc-alsace-pinot-noir-marlemer\/#breadcrumb"},"inLanguage":"de","potentialAction":[{"@type":"ReadAction","target":["https:\/\/domaine-fritsch.com\/de\/produit\/aoc-alsace-pinot-noir-marlemer\/"]}]},{"@type":"ImageObject","inLanguage":"de","@id":"https:\/\/domaine-fritsch.com\/de\/produit\/aoc-alsace-pinot-noir-marlemer\/#primaryimage","url":"https:\/\/domaine-fritsch.com\/wp-content\/uploads\/2025\/03\/pinot-noir-marlemer.png","contentUrl":"https:\/\/domaine-fritsch.com\/wp-content\/uploads\/2025\/03\/pinot-noir-marlemer.png","width":450,"height":800},{"@type":"BreadcrumbList","@id":"https:\/\/domaine-fritsch.com\/de\/produit\/aoc-alsace-pinot-noir-marlemer\/#breadcrumb","itemListElement":[{"@type":"ListItem","position":1,"name":"Accueil","item":"https:\/\/domaine-fritsch.com\/de\/startseite\/"},{"@type":"ListItem","position":2,"name":"Produkte","item":"https:\/\/domaine-fritsch.com\/de\/shop\/"},{"@type":"ListItem","position":3,"name":"AOC Alsace Pinot Noir Marlemer"}]},{"@type":"WebSite","@id":"https:\/\/domaine-fritsch.com\/de\/#website","url":"https:\/\/domaine-fritsch.com\/de\/","name":"Domaine Fritsch","description":"Vignerons \u00e0 Marlenheim","potentialAction":[{"@type":"SearchAction","target":{"@type":"EntryPoint","urlTemplate":"https:\/\/domaine-fritsch.com\/de\/?s={search_term_string}"},"query-input":{"@type":"PropertyValueSpecification","valueRequired":true,"valueName":"search_term_string"}}],"inLanguage":"de"}]}},"_links":{"self":[{"href":"https:\/\/domaine-fritsch.com\/de\/wp-json\/wp\/v2\/product\/238049","targetHints":{"allow":["GET"]}}],"collection":[{"href":"https:\/\/domaine-fritsch.com\/de\/wp-json\/wp\/v2\/product"}],"about":[{"href":"https:\/\/domaine-fritsch.com\/de\/wp-json\/wp\/v2\/types\/product"}],"replies":[{"embeddable":true,"href":"https:\/\/domaine-fritsch.com\/de\/wp-json\/wp\/v2\/comments?post=238049"}],"wp:featuredmedia":[{"embeddable":true,"href":"https:\/\/domaine-fritsch.com\/de\/wp-json\/wp\/v2\/media\/237389"}],"wp:attachment":[{"href":"https:\/\/domaine-fritsch.com\/de\/wp-json\/wp\/v2\/media?parent=238049"}],"wp:term":[{"taxonomy":"product_brand","embeddable":true,"href":"https:\/\/domaine-fritsch.com\/de\/wp-json\/wp\/v2\/product_brand?post=238049"},{"taxonomy":"product_cat","embeddable":true,"href":"https:\/\/domaine-fritsch.com\/de\/wp-json\/wp\/v2\/product_cat?post=238049"},{"taxonomy":"product_tag","embeddable":true,"href":"https:\/\/domaine-fritsch.com\/de\/wp-json\/wp\/v2\/product_tag?post=238049"}],"curies":[{"name":"wp","href":"https:\/\/api.w.org\/{rel}","templated":true}]}}