{"id":238050,"date":"2025-03-27T14:56:09","date_gmt":"2025-03-27T14:56:09","guid":{"rendered":"https:\/\/www.domaine-fritsch.envol-dev.com\/produit\/aoc-alsace-riesling\/"},"modified":"2025-03-27T14:56:09","modified_gmt":"2025-03-27T14:56:09","slug":"aoc-alsace-riesling","status":"publish","type":"product","link":"https:\/\/domaine-fritsch.com\/de\/produit\/aoc-alsace-riesling\/","title":{"rendered":"AOC Alsace Riesling"},"content":{"rendered":"<p>Der kalkhaltige Boden des Marlenheimer H\u00fcgels ist ideal f\u00fcr den Anbau von Riesling. Wir ernten die reifen Trauben und pressen sie langsam, um die Aromen der Rebsorte zu erhalten, ohne H\u00e4rte zu extrahieren. Die G\u00e4rung und der Ausbau erfolgen in Edelstahltanks mit demselben Ziel. Der Wein wird dann mit Aromen von gelber Zitrone genossen, und die Mineralit\u00e4t kann sich nach einigen Jahren der Lagerung einstellen. Er passt zu gegrilltem wei\u00dfen Fisch, aber auch zu frischem Ziegenk\u00e4se und nat\u00fcrlich zur els\u00e4ssischen Gastronomie, von Wurstwaren bis zu Sauerkraut.<\/p>\n","protected":false},"excerpt":{"rendered":"<p>Der Riesling ist die emblematischste Rebsorte des Rheintals. Er zeichnet sich durch eine sch\u00f6ne Lebendigkeit und Aromen aus, die an Zitronen und deren Schale erinnern. Ideal zu gegrilltem Fisch.<\/p>\n","protected":false},"featured_media":237392,"comment_status":"closed","ping_status":"closed","template":"","meta":{"_et_pb_use_builder":"","_et_pb_old_content":"","_et_gb_content_width":""},"product_brand":[],"product_cat":[242],"product_tag":[],"class_list":{"0":"post-238050","1":"product","2":"type-product","3":"status-publish","4":"has-post-thumbnail","6":"product_cat-weis","8":"first","9":"instock","10":"shipping-taxable","11":"product-type-simple"},"yoast_head":"<!-- This site is optimized with the Yoast SEO plugin v26.7 - https:\/\/yoast.com\/wordpress\/plugins\/seo\/ -->\n<title>AOC Alsace Riesling - Domaine Fritsch<\/title>\n<meta name=\"description\" content=\"Klare Farbe, Nase von Zitrusfr\u00fcchten und Zitrone. Dieser trockene und lebhafte Riesling enth\u00fcllt die ganze Mineralit\u00e4t des kalkhaltigen Terroirs des Marlenheimer H\u00fcgels.\" \/>\n<meta name=\"robots\" content=\"index, follow, max-snippet:-1, max-image-preview:large, max-video-preview:-1\" \/>\n<link rel=\"canonical\" href=\"https:\/\/domaine-fritsch.com\/de\/produit\/aoc-alsace-riesling\/\" \/>\n<meta property=\"og:locale\" content=\"de_DE\" \/>\n<meta property=\"og:type\" content=\"article\" \/>\n<meta property=\"og:title\" content=\"AOC Alsace Riesling - Domaine Fritsch\" \/>\n<meta property=\"og:description\" content=\"Klare Farbe, Nase von Zitrusfr\u00fcchten und Zitrone. Dieser trockene und lebhafte Riesling enth\u00fcllt die ganze Mineralit\u00e4t des kalkhaltigen Terroirs des Marlenheimer H\u00fcgels.\" \/>\n<meta property=\"og:url\" content=\"https:\/\/domaine-fritsch.com\/de\/produit\/aoc-alsace-riesling\/\" \/>\n<meta property=\"og:site_name\" content=\"Domaine Fritsch\" \/>\n<meta property=\"og:image\" content=\"https:\/\/domaine-fritsch.com\/wp-content\/uploads\/2025\/03\/riesling.png\" \/>\n\t<meta property=\"og:image:width\" content=\"450\" \/>\n\t<meta property=\"og:image:height\" content=\"800\" \/>\n\t<meta property=\"og:image:type\" content=\"image\/png\" \/>\n<meta name=\"twitter:card\" content=\"summary_large_image\" \/>\n<script type=\"application\/ld+json\" class=\"yoast-schema-graph\">{\"@context\":\"https:\/\/schema.org\",\"@graph\":[{\"@type\":\"WebPage\",\"@id\":\"https:\/\/domaine-fritsch.com\/de\/produit\/aoc-alsace-riesling\/\",\"url\":\"https:\/\/domaine-fritsch.com\/de\/produit\/aoc-alsace-riesling\/\",\"name\":\"AOC Alsace Riesling - Domaine Fritsch\",\"isPartOf\":{\"@id\":\"https:\/\/domaine-fritsch.com\/de\/#website\"},\"primaryImageOfPage\":{\"@id\":\"https:\/\/domaine-fritsch.com\/de\/produit\/aoc-alsace-riesling\/#primaryimage\"},\"image\":{\"@id\":\"https:\/\/domaine-fritsch.com\/de\/produit\/aoc-alsace-riesling\/#primaryimage\"},\"thumbnailUrl\":\"https:\/\/domaine-fritsch.com\/wp-content\/uploads\/2025\/03\/riesling.png\",\"datePublished\":\"2025-03-27T14:56:09+00:00\",\"description\":\"Klare Farbe, Nase von Zitrusfr\u00fcchten und Zitrone. Dieser trockene und lebhafte Riesling enth\u00fcllt die ganze Mineralit\u00e4t des kalkhaltigen Terroirs des Marlenheimer H\u00fcgels.\",\"breadcrumb\":{\"@id\":\"https:\/\/domaine-fritsch.com\/de\/produit\/aoc-alsace-riesling\/#breadcrumb\"},\"inLanguage\":\"de\",\"potentialAction\":[{\"@type\":\"ReadAction\",\"target\":[\"https:\/\/domaine-fritsch.com\/de\/produit\/aoc-alsace-riesling\/\"]}]},{\"@type\":\"ImageObject\",\"inLanguage\":\"de\",\"@id\":\"https:\/\/domaine-fritsch.com\/de\/produit\/aoc-alsace-riesling\/#primaryimage\",\"url\":\"https:\/\/domaine-fritsch.com\/wp-content\/uploads\/2025\/03\/riesling.png\",\"contentUrl\":\"https:\/\/domaine-fritsch.com\/wp-content\/uploads\/2025\/03\/riesling.png\",\"width\":450,\"height\":800},{\"@type\":\"BreadcrumbList\",\"@id\":\"https:\/\/domaine-fritsch.com\/de\/produit\/aoc-alsace-riesling\/#breadcrumb\",\"itemListElement\":[{\"@type\":\"ListItem\",\"position\":1,\"name\":\"Accueil\",\"item\":\"https:\/\/domaine-fritsch.com\/de\/startseite\/\"},{\"@type\":\"ListItem\",\"position\":2,\"name\":\"Produkte\",\"item\":\"https:\/\/domaine-fritsch.com\/de\/shop\/\"},{\"@type\":\"ListItem\",\"position\":3,\"name\":\"AOC Alsace Riesling\"}]},{\"@type\":\"WebSite\",\"@id\":\"https:\/\/domaine-fritsch.com\/de\/#website\",\"url\":\"https:\/\/domaine-fritsch.com\/de\/\",\"name\":\"Domaine Fritsch\",\"description\":\"Vignerons \u00e0 Marlenheim\",\"potentialAction\":[{\"@type\":\"SearchAction\",\"target\":{\"@type\":\"EntryPoint\",\"urlTemplate\":\"https:\/\/domaine-fritsch.com\/de\/?s={search_term_string}\"},\"query-input\":{\"@type\":\"PropertyValueSpecification\",\"valueRequired\":true,\"valueName\":\"search_term_string\"}}],\"inLanguage\":\"de\"}]}<\/script>\n<!-- \/ Yoast SEO plugin. -->","yoast_head_json":{"title":"AOC Alsace Riesling - Domaine Fritsch","description":"Klare Farbe, Nase von Zitrusfr\u00fcchten und Zitrone. Dieser trockene und lebhafte Riesling enth\u00fcllt die ganze Mineralit\u00e4t des kalkhaltigen Terroirs des Marlenheimer H\u00fcgels.","robots":{"index":"index","follow":"follow","max-snippet":"max-snippet:-1","max-image-preview":"max-image-preview:large","max-video-preview":"max-video-preview:-1"},"canonical":"https:\/\/domaine-fritsch.com\/de\/produit\/aoc-alsace-riesling\/","og_locale":"de_DE","og_type":"article","og_title":"AOC Alsace Riesling - Domaine Fritsch","og_description":"Klare Farbe, Nase von Zitrusfr\u00fcchten und Zitrone. Dieser trockene und lebhafte Riesling enth\u00fcllt die ganze Mineralit\u00e4t des kalkhaltigen Terroirs des Marlenheimer H\u00fcgels.","og_url":"https:\/\/domaine-fritsch.com\/de\/produit\/aoc-alsace-riesling\/","og_site_name":"Domaine Fritsch","og_image":[{"width":450,"height":800,"url":"https:\/\/domaine-fritsch.com\/wp-content\/uploads\/2025\/03\/riesling.png","type":"image\/png"}],"twitter_card":"summary_large_image","schema":{"@context":"https:\/\/schema.org","@graph":[{"@type":"WebPage","@id":"https:\/\/domaine-fritsch.com\/de\/produit\/aoc-alsace-riesling\/","url":"https:\/\/domaine-fritsch.com\/de\/produit\/aoc-alsace-riesling\/","name":"AOC Alsace Riesling - Domaine Fritsch","isPartOf":{"@id":"https:\/\/domaine-fritsch.com\/de\/#website"},"primaryImageOfPage":{"@id":"https:\/\/domaine-fritsch.com\/de\/produit\/aoc-alsace-riesling\/#primaryimage"},"image":{"@id":"https:\/\/domaine-fritsch.com\/de\/produit\/aoc-alsace-riesling\/#primaryimage"},"thumbnailUrl":"https:\/\/domaine-fritsch.com\/wp-content\/uploads\/2025\/03\/riesling.png","datePublished":"2025-03-27T14:56:09+00:00","description":"Klare Farbe, Nase von Zitrusfr\u00fcchten und Zitrone. Dieser trockene und lebhafte Riesling enth\u00fcllt die ganze Mineralit\u00e4t des kalkhaltigen Terroirs des Marlenheimer H\u00fcgels.","breadcrumb":{"@id":"https:\/\/domaine-fritsch.com\/de\/produit\/aoc-alsace-riesling\/#breadcrumb"},"inLanguage":"de","potentialAction":[{"@type":"ReadAction","target":["https:\/\/domaine-fritsch.com\/de\/produit\/aoc-alsace-riesling\/"]}]},{"@type":"ImageObject","inLanguage":"de","@id":"https:\/\/domaine-fritsch.com\/de\/produit\/aoc-alsace-riesling\/#primaryimage","url":"https:\/\/domaine-fritsch.com\/wp-content\/uploads\/2025\/03\/riesling.png","contentUrl":"https:\/\/domaine-fritsch.com\/wp-content\/uploads\/2025\/03\/riesling.png","width":450,"height":800},{"@type":"BreadcrumbList","@id":"https:\/\/domaine-fritsch.com\/de\/produit\/aoc-alsace-riesling\/#breadcrumb","itemListElement":[{"@type":"ListItem","position":1,"name":"Accueil","item":"https:\/\/domaine-fritsch.com\/de\/startseite\/"},{"@type":"ListItem","position":2,"name":"Produkte","item":"https:\/\/domaine-fritsch.com\/de\/shop\/"},{"@type":"ListItem","position":3,"name":"AOC Alsace Riesling"}]},{"@type":"WebSite","@id":"https:\/\/domaine-fritsch.com\/de\/#website","url":"https:\/\/domaine-fritsch.com\/de\/","name":"Domaine Fritsch","description":"Vignerons \u00e0 Marlenheim","potentialAction":[{"@type":"SearchAction","target":{"@type":"EntryPoint","urlTemplate":"https:\/\/domaine-fritsch.com\/de\/?s={search_term_string}"},"query-input":{"@type":"PropertyValueSpecification","valueRequired":true,"valueName":"search_term_string"}}],"inLanguage":"de"}]}},"_links":{"self":[{"href":"https:\/\/domaine-fritsch.com\/de\/wp-json\/wp\/v2\/product\/238050","targetHints":{"allow":["GET"]}}],"collection":[{"href":"https:\/\/domaine-fritsch.com\/de\/wp-json\/wp\/v2\/product"}],"about":[{"href":"https:\/\/domaine-fritsch.com\/de\/wp-json\/wp\/v2\/types\/product"}],"replies":[{"embeddable":true,"href":"https:\/\/domaine-fritsch.com\/de\/wp-json\/wp\/v2\/comments?post=238050"}],"wp:featuredmedia":[{"embeddable":true,"href":"https:\/\/domaine-fritsch.com\/de\/wp-json\/wp\/v2\/media\/237392"}],"wp:attachment":[{"href":"https:\/\/domaine-fritsch.com\/de\/wp-json\/wp\/v2\/media?parent=238050"}],"wp:term":[{"taxonomy":"product_brand","embeddable":true,"href":"https:\/\/domaine-fritsch.com\/de\/wp-json\/wp\/v2\/product_brand?post=238050"},{"taxonomy":"product_cat","embeddable":true,"href":"https:\/\/domaine-fritsch.com\/de\/wp-json\/wp\/v2\/product_cat?post=238050"},{"taxonomy":"product_tag","embeddable":true,"href":"https:\/\/domaine-fritsch.com\/de\/wp-json\/wp\/v2\/product_tag?post=238050"}],"curies":[{"name":"wp","href":"https:\/\/api.w.org\/{rel}","templated":true}]}}