{"id":238051,"date":"2025-03-27T14:56:10","date_gmt":"2025-03-27T14:56:10","guid":{"rendered":"https:\/\/www.domaine-fritsch.envol-dev.com\/produit\/aoc-cremant-dalsace\/"},"modified":"2025-03-27T14:56:10","modified_gmt":"2025-03-27T14:56:10","slug":"aoc-cremant-dalsace","status":"publish","type":"product","link":"https:\/\/domaine-fritsch.com\/de\/produit\/aoc-cremant-dalsace\/","title":{"rendered":"AOC Cr\u00e9mant d&#8217;Alsace"},"content":{"rendered":"<p>Die Trauben f\u00fcr die Herstellung von Cr\u00e9mant werden fr\u00fcher geerntet, ein wichtiger Faktor bei der Herstellung von Schaumweinen. Wir praktizieren eine lange und sanfte Pressung, um nur das Beste aus dem Saft herauszuholen. Die Weinbereitung im INOX-Tank und eine Reifung auf Latten von mindestens einem Monat nach der Abf\u00fcllung erm\u00f6glichen es uns, einen Perlwein mit einer sch\u00f6nen aromatischen Finesse herzustellen. Er ist der ideale Begleiter f\u00fcr einen frischen Aperitif.   <\/p>\n","protected":false},"excerpt":{"rendered":"<p>Dieser Cr\u00e9mant brut wurde aus einer Mischung von Auxerrois, Chardonnay, Pinot Gris und Pinot Noir hergestellt und ist sehr ausgewogen. Ideal als Aperitif! <\/p>\n","protected":false},"featured_media":237383,"comment_status":"closed","ping_status":"closed","template":"","meta":{"_et_pb_use_builder":"","_et_pb_old_content":"","_et_gb_content_width":""},"product_brand":[],"product_cat":[248],"product_tag":[],"class_list":{"0":"post-238051","1":"product","2":"type-product","3":"status-publish","4":"has-post-thumbnail","6":"product_cat-blasen","8":"first","9":"instock","10":"shipping-taxable","11":"product-type-simple"},"yoast_head":"<!-- This site is optimized with the Yoast SEO plugin v26.7 - https:\/\/yoast.com\/wordpress\/plugins\/seo\/ -->\n<title>AOC Cr\u00e9mant d&#039;Alsace - Domaine Fritsch<\/title>\n<meta name=\"description\" content=\"Dieser Cr\u00e9mant Brut mit feiner Blase und fruchtiger Nase verbindet Frische und Ausgewogenheit. Ideal als Aperitif oder als Begleiter eines festlichen Essens.\" \/>\n<meta name=\"robots\" content=\"index, follow, max-snippet:-1, max-image-preview:large, max-video-preview:-1\" \/>\n<link rel=\"canonical\" href=\"https:\/\/domaine-fritsch.com\/de\/produit\/aoc-cremant-dalsace\/\" \/>\n<meta property=\"og:locale\" content=\"de_DE\" \/>\n<meta property=\"og:type\" content=\"article\" \/>\n<meta property=\"og:title\" content=\"AOC Cr\u00e9mant d&#039;Alsace - Domaine Fritsch\" \/>\n<meta property=\"og:description\" content=\"Dieser Cr\u00e9mant Brut mit feiner Blase und fruchtiger Nase verbindet Frische und Ausgewogenheit. Ideal als Aperitif oder als Begleiter eines festlichen Essens.\" \/>\n<meta property=\"og:url\" content=\"https:\/\/domaine-fritsch.com\/de\/produit\/aoc-cremant-dalsace\/\" \/>\n<meta property=\"og:site_name\" content=\"Domaine Fritsch\" \/>\n<meta property=\"og:image\" content=\"https:\/\/domaine-fritsch.com\/wp-content\/uploads\/2025\/03\/cremant-alsace.png\" \/>\n\t<meta property=\"og:image:width\" content=\"450\" \/>\n\t<meta property=\"og:image:height\" content=\"800\" \/>\n\t<meta property=\"og:image:type\" content=\"image\/png\" \/>\n<meta name=\"twitter:card\" content=\"summary_large_image\" \/>\n<script type=\"application\/ld+json\" class=\"yoast-schema-graph\">{\"@context\":\"https:\/\/schema.org\",\"@graph\":[{\"@type\":\"WebPage\",\"@id\":\"https:\/\/domaine-fritsch.com\/de\/produit\/aoc-cremant-dalsace\/\",\"url\":\"https:\/\/domaine-fritsch.com\/de\/produit\/aoc-cremant-dalsace\/\",\"name\":\"AOC Cr\u00e9mant d'Alsace - Domaine Fritsch\",\"isPartOf\":{\"@id\":\"https:\/\/domaine-fritsch.com\/de\/#website\"},\"primaryImageOfPage\":{\"@id\":\"https:\/\/domaine-fritsch.com\/de\/produit\/aoc-cremant-dalsace\/#primaryimage\"},\"image\":{\"@id\":\"https:\/\/domaine-fritsch.com\/de\/produit\/aoc-cremant-dalsace\/#primaryimage\"},\"thumbnailUrl\":\"https:\/\/domaine-fritsch.com\/wp-content\/uploads\/2025\/03\/cremant-alsace.png\",\"datePublished\":\"2025-03-27T14:56:10+00:00\",\"description\":\"Dieser Cr\u00e9mant Brut mit feiner Blase und fruchtiger Nase verbindet Frische und Ausgewogenheit. Ideal als Aperitif oder als Begleiter eines festlichen Essens.\",\"breadcrumb\":{\"@id\":\"https:\/\/domaine-fritsch.com\/de\/produit\/aoc-cremant-dalsace\/#breadcrumb\"},\"inLanguage\":\"de\",\"potentialAction\":[{\"@type\":\"ReadAction\",\"target\":[\"https:\/\/domaine-fritsch.com\/de\/produit\/aoc-cremant-dalsace\/\"]}]},{\"@type\":\"ImageObject\",\"inLanguage\":\"de\",\"@id\":\"https:\/\/domaine-fritsch.com\/de\/produit\/aoc-cremant-dalsace\/#primaryimage\",\"url\":\"https:\/\/domaine-fritsch.com\/wp-content\/uploads\/2025\/03\/cremant-alsace.png\",\"contentUrl\":\"https:\/\/domaine-fritsch.com\/wp-content\/uploads\/2025\/03\/cremant-alsace.png\",\"width\":450,\"height\":800},{\"@type\":\"BreadcrumbList\",\"@id\":\"https:\/\/domaine-fritsch.com\/de\/produit\/aoc-cremant-dalsace\/#breadcrumb\",\"itemListElement\":[{\"@type\":\"ListItem\",\"position\":1,\"name\":\"Accueil\",\"item\":\"https:\/\/domaine-fritsch.com\/de\/startseite\/\"},{\"@type\":\"ListItem\",\"position\":2,\"name\":\"Produkte\",\"item\":\"https:\/\/domaine-fritsch.com\/de\/shop\/\"},{\"@type\":\"ListItem\",\"position\":3,\"name\":\"AOC Cr\u00e9mant d&#8217;Alsace\"}]},{\"@type\":\"WebSite\",\"@id\":\"https:\/\/domaine-fritsch.com\/de\/#website\",\"url\":\"https:\/\/domaine-fritsch.com\/de\/\",\"name\":\"Domaine Fritsch\",\"description\":\"Vignerons \u00e0 Marlenheim\",\"potentialAction\":[{\"@type\":\"SearchAction\",\"target\":{\"@type\":\"EntryPoint\",\"urlTemplate\":\"https:\/\/domaine-fritsch.com\/de\/?s={search_term_string}\"},\"query-input\":{\"@type\":\"PropertyValueSpecification\",\"valueRequired\":true,\"valueName\":\"search_term_string\"}}],\"inLanguage\":\"de\"}]}<\/script>\n<!-- \/ Yoast SEO plugin. -->","yoast_head_json":{"title":"AOC Cr\u00e9mant d'Alsace - Domaine Fritsch","description":"Dieser Cr\u00e9mant Brut mit feiner Blase und fruchtiger Nase verbindet Frische und Ausgewogenheit. Ideal als Aperitif oder als Begleiter eines festlichen Essens.","robots":{"index":"index","follow":"follow","max-snippet":"max-snippet:-1","max-image-preview":"max-image-preview:large","max-video-preview":"max-video-preview:-1"},"canonical":"https:\/\/domaine-fritsch.com\/de\/produit\/aoc-cremant-dalsace\/","og_locale":"de_DE","og_type":"article","og_title":"AOC Cr\u00e9mant d'Alsace - Domaine Fritsch","og_description":"Dieser Cr\u00e9mant Brut mit feiner Blase und fruchtiger Nase verbindet Frische und Ausgewogenheit. Ideal als Aperitif oder als Begleiter eines festlichen Essens.","og_url":"https:\/\/domaine-fritsch.com\/de\/produit\/aoc-cremant-dalsace\/","og_site_name":"Domaine Fritsch","og_image":[{"width":450,"height":800,"url":"https:\/\/domaine-fritsch.com\/wp-content\/uploads\/2025\/03\/cremant-alsace.png","type":"image\/png"}],"twitter_card":"summary_large_image","schema":{"@context":"https:\/\/schema.org","@graph":[{"@type":"WebPage","@id":"https:\/\/domaine-fritsch.com\/de\/produit\/aoc-cremant-dalsace\/","url":"https:\/\/domaine-fritsch.com\/de\/produit\/aoc-cremant-dalsace\/","name":"AOC Cr\u00e9mant d'Alsace - Domaine Fritsch","isPartOf":{"@id":"https:\/\/domaine-fritsch.com\/de\/#website"},"primaryImageOfPage":{"@id":"https:\/\/domaine-fritsch.com\/de\/produit\/aoc-cremant-dalsace\/#primaryimage"},"image":{"@id":"https:\/\/domaine-fritsch.com\/de\/produit\/aoc-cremant-dalsace\/#primaryimage"},"thumbnailUrl":"https:\/\/domaine-fritsch.com\/wp-content\/uploads\/2025\/03\/cremant-alsace.png","datePublished":"2025-03-27T14:56:10+00:00","description":"Dieser Cr\u00e9mant Brut mit feiner Blase und fruchtiger Nase verbindet Frische und Ausgewogenheit. Ideal als Aperitif oder als Begleiter eines festlichen Essens.","breadcrumb":{"@id":"https:\/\/domaine-fritsch.com\/de\/produit\/aoc-cremant-dalsace\/#breadcrumb"},"inLanguage":"de","potentialAction":[{"@type":"ReadAction","target":["https:\/\/domaine-fritsch.com\/de\/produit\/aoc-cremant-dalsace\/"]}]},{"@type":"ImageObject","inLanguage":"de","@id":"https:\/\/domaine-fritsch.com\/de\/produit\/aoc-cremant-dalsace\/#primaryimage","url":"https:\/\/domaine-fritsch.com\/wp-content\/uploads\/2025\/03\/cremant-alsace.png","contentUrl":"https:\/\/domaine-fritsch.com\/wp-content\/uploads\/2025\/03\/cremant-alsace.png","width":450,"height":800},{"@type":"BreadcrumbList","@id":"https:\/\/domaine-fritsch.com\/de\/produit\/aoc-cremant-dalsace\/#breadcrumb","itemListElement":[{"@type":"ListItem","position":1,"name":"Accueil","item":"https:\/\/domaine-fritsch.com\/de\/startseite\/"},{"@type":"ListItem","position":2,"name":"Produkte","item":"https:\/\/domaine-fritsch.com\/de\/shop\/"},{"@type":"ListItem","position":3,"name":"AOC Cr\u00e9mant d&#8217;Alsace"}]},{"@type":"WebSite","@id":"https:\/\/domaine-fritsch.com\/de\/#website","url":"https:\/\/domaine-fritsch.com\/de\/","name":"Domaine Fritsch","description":"Vignerons \u00e0 Marlenheim","potentialAction":[{"@type":"SearchAction","target":{"@type":"EntryPoint","urlTemplate":"https:\/\/domaine-fritsch.com\/de\/?s={search_term_string}"},"query-input":{"@type":"PropertyValueSpecification","valueRequired":true,"valueName":"search_term_string"}}],"inLanguage":"de"}]}},"_links":{"self":[{"href":"https:\/\/domaine-fritsch.com\/de\/wp-json\/wp\/v2\/product\/238051","targetHints":{"allow":["GET"]}}],"collection":[{"href":"https:\/\/domaine-fritsch.com\/de\/wp-json\/wp\/v2\/product"}],"about":[{"href":"https:\/\/domaine-fritsch.com\/de\/wp-json\/wp\/v2\/types\/product"}],"replies":[{"embeddable":true,"href":"https:\/\/domaine-fritsch.com\/de\/wp-json\/wp\/v2\/comments?post=238051"}],"wp:featuredmedia":[{"embeddable":true,"href":"https:\/\/domaine-fritsch.com\/de\/wp-json\/wp\/v2\/media\/237383"}],"wp:attachment":[{"href":"https:\/\/domaine-fritsch.com\/de\/wp-json\/wp\/v2\/media?parent=238051"}],"wp:term":[{"taxonomy":"product_brand","embeddable":true,"href":"https:\/\/domaine-fritsch.com\/de\/wp-json\/wp\/v2\/product_brand?post=238051"},{"taxonomy":"product_cat","embeddable":true,"href":"https:\/\/domaine-fritsch.com\/de\/wp-json\/wp\/v2\/product_cat?post=238051"},{"taxonomy":"product_tag","embeddable":true,"href":"https:\/\/domaine-fritsch.com\/de\/wp-json\/wp\/v2\/product_tag?post=238051"}],"curies":[{"name":"wp","href":"https:\/\/api.w.org\/{rel}","templated":true}]}}