{"id":238053,"date":"2025-03-27T14:56:10","date_gmt":"2025-03-27T14:56:10","guid":{"rendered":"https:\/\/www.domaine-fritsch.envol-dev.com\/produit\/aoc-alsace-gewurztraminer-spaetlese\/"},"modified":"2025-03-27T14:56:10","modified_gmt":"2025-03-27T14:56:10","slug":"aoc-alsace-gewurztraminer-spaetlese","status":"publish","type":"product","link":"https:\/\/domaine-fritsch.com\/de\/produit\/aoc-alsace-gewurztraminer-spaetlese\/","title":{"rendered":"AOC Alsace Gewurztraminer Sp\u00e4tlese"},"content":{"rendered":"<p>Wenn sich die Edelf\u00e4ule auf den Gew\u00fcrztraminerbeeren festgesetzt hat, wird der aromatische Reichtum dieser Rebsorte verzehnfacht: Noten von Rosenkonfit\u00fcre, kandierten Litschis oder schwarzem Pfeffer werden sich dann ungehemmt entfalten. Ein Wein, den man zum Vergn\u00fcgen trinkt, z.B. zu G\u00e4nseleberpastete oder Desserts mit dunkler Schokolade. <\/p>\n","protected":false},"excerpt":{"rendered":"<p>Dieser Gew\u00fcrztraminer wird \u00fcberreif geerntet und entwickelt seine Aromen intensiver. Er wird oft zu G\u00e4nseleberpastete serviert, passt aber auch hervorragend zu Desserts mit dunkler Schokolade. <\/p>\n","protected":false},"featured_media":237924,"comment_status":"closed","ping_status":"closed","template":"","meta":{"_et_pb_use_builder":"","_et_pb_old_content":"","_et_gb_content_width":""},"product_brand":[],"product_cat":[255],"product_tag":[],"class_list":{"0":"post-238053","1":"product","2":"type-product","3":"status-publish","4":"has-post-thumbnail","6":"product_cat-likorweine-und-liebliche-weine","8":"first","9":"instock","10":"shipping-taxable","11":"product-type-simple"},"yoast_head":"<!-- This site is optimized with the Yoast SEO plugin v26.7 - https:\/\/yoast.com\/wordpress\/plugins\/seo\/ -->\n<title>AOC Alsace Gewurztraminer Sp\u00e4tlese - Domaine Fritsch<\/title>\n<meta name=\"description\" content=\"Dieser intensive Wein hat eine goldene Farbe und exotische Aromen. Er ist weich und lang anhaltend und eignet sich hervorragend f\u00fcr Desserts oder als Solist.\" \/>\n<meta name=\"robots\" content=\"index, follow, max-snippet:-1, max-image-preview:large, max-video-preview:-1\" \/>\n<link rel=\"canonical\" href=\"https:\/\/domaine-fritsch.com\/de\/produit\/aoc-alsace-gewurztraminer-spaetlese\/\" \/>\n<meta property=\"og:locale\" content=\"de_DE\" \/>\n<meta property=\"og:type\" content=\"article\" \/>\n<meta property=\"og:title\" content=\"AOC Alsace Gewurztraminer Sp\u00e4tlese - Domaine Fritsch\" \/>\n<meta property=\"og:description\" content=\"Dieser intensive Wein hat eine goldene Farbe und exotische Aromen. Er ist weich und lang anhaltend und eignet sich hervorragend f\u00fcr Desserts oder als Solist.\" \/>\n<meta property=\"og:url\" content=\"https:\/\/domaine-fritsch.com\/de\/produit\/aoc-alsace-gewurztraminer-spaetlese\/\" \/>\n<meta property=\"og:site_name\" content=\"Domaine Fritsch\" \/>\n<meta property=\"og:image\" content=\"https:\/\/domaine-fritsch.com\/wp-content\/uploads\/2025\/03\/web-_0013_Gewurztraminer-VT.png\" \/>\n\t<meta property=\"og:image:width\" content=\"450\" \/>\n\t<meta property=\"og:image:height\" content=\"801\" \/>\n\t<meta property=\"og:image:type\" content=\"image\/png\" \/>\n<meta name=\"twitter:card\" content=\"summary_large_image\" \/>\n<script type=\"application\/ld+json\" class=\"yoast-schema-graph\">{\"@context\":\"https:\/\/schema.org\",\"@graph\":[{\"@type\":\"WebPage\",\"@id\":\"https:\/\/domaine-fritsch.com\/de\/produit\/aoc-alsace-gewurztraminer-spaetlese\/\",\"url\":\"https:\/\/domaine-fritsch.com\/de\/produit\/aoc-alsace-gewurztraminer-spaetlese\/\",\"name\":\"AOC Alsace Gewurztraminer Sp\u00e4tlese - Domaine Fritsch\",\"isPartOf\":{\"@id\":\"https:\/\/domaine-fritsch.com\/de\/#website\"},\"primaryImageOfPage\":{\"@id\":\"https:\/\/domaine-fritsch.com\/de\/produit\/aoc-alsace-gewurztraminer-spaetlese\/#primaryimage\"},\"image\":{\"@id\":\"https:\/\/domaine-fritsch.com\/de\/produit\/aoc-alsace-gewurztraminer-spaetlese\/#primaryimage\"},\"thumbnailUrl\":\"https:\/\/domaine-fritsch.com\/wp-content\/uploads\/2025\/03\/web-_0013_Gewurztraminer-VT.png\",\"datePublished\":\"2025-03-27T14:56:10+00:00\",\"description\":\"Dieser intensive Wein hat eine goldene Farbe und exotische Aromen. Er ist weich und lang anhaltend und eignet sich hervorragend f\u00fcr Desserts oder als Solist.\",\"breadcrumb\":{\"@id\":\"https:\/\/domaine-fritsch.com\/de\/produit\/aoc-alsace-gewurztraminer-spaetlese\/#breadcrumb\"},\"inLanguage\":\"de\",\"potentialAction\":[{\"@type\":\"ReadAction\",\"target\":[\"https:\/\/domaine-fritsch.com\/de\/produit\/aoc-alsace-gewurztraminer-spaetlese\/\"]}]},{\"@type\":\"ImageObject\",\"inLanguage\":\"de\",\"@id\":\"https:\/\/domaine-fritsch.com\/de\/produit\/aoc-alsace-gewurztraminer-spaetlese\/#primaryimage\",\"url\":\"https:\/\/domaine-fritsch.com\/wp-content\/uploads\/2025\/03\/web-_0013_Gewurztraminer-VT.png\",\"contentUrl\":\"https:\/\/domaine-fritsch.com\/wp-content\/uploads\/2025\/03\/web-_0013_Gewurztraminer-VT.png\",\"width\":450,\"height\":801},{\"@type\":\"BreadcrumbList\",\"@id\":\"https:\/\/domaine-fritsch.com\/de\/produit\/aoc-alsace-gewurztraminer-spaetlese\/#breadcrumb\",\"itemListElement\":[{\"@type\":\"ListItem\",\"position\":1,\"name\":\"Accueil\",\"item\":\"https:\/\/domaine-fritsch.com\/de\/startseite\/\"},{\"@type\":\"ListItem\",\"position\":2,\"name\":\"Produkte\",\"item\":\"https:\/\/domaine-fritsch.com\/de\/shop\/\"},{\"@type\":\"ListItem\",\"position\":3,\"name\":\"AOC Alsace Gewurztraminer Sp\u00e4tlese\"}]},{\"@type\":\"WebSite\",\"@id\":\"https:\/\/domaine-fritsch.com\/de\/#website\",\"url\":\"https:\/\/domaine-fritsch.com\/de\/\",\"name\":\"Domaine Fritsch\",\"description\":\"Vignerons \u00e0 Marlenheim\",\"potentialAction\":[{\"@type\":\"SearchAction\",\"target\":{\"@type\":\"EntryPoint\",\"urlTemplate\":\"https:\/\/domaine-fritsch.com\/de\/?s={search_term_string}\"},\"query-input\":{\"@type\":\"PropertyValueSpecification\",\"valueRequired\":true,\"valueName\":\"search_term_string\"}}],\"inLanguage\":\"de\"}]}<\/script>\n<!-- \/ Yoast SEO plugin. -->","yoast_head_json":{"title":"AOC Alsace Gewurztraminer Sp\u00e4tlese - Domaine Fritsch","description":"Dieser intensive Wein hat eine goldene Farbe und exotische Aromen. Er ist weich und lang anhaltend und eignet sich hervorragend f\u00fcr Desserts oder als Solist.","robots":{"index":"index","follow":"follow","max-snippet":"max-snippet:-1","max-image-preview":"max-image-preview:large","max-video-preview":"max-video-preview:-1"},"canonical":"https:\/\/domaine-fritsch.com\/de\/produit\/aoc-alsace-gewurztraminer-spaetlese\/","og_locale":"de_DE","og_type":"article","og_title":"AOC Alsace Gewurztraminer Sp\u00e4tlese - Domaine Fritsch","og_description":"Dieser intensive Wein hat eine goldene Farbe und exotische Aromen. Er ist weich und lang anhaltend und eignet sich hervorragend f\u00fcr Desserts oder als Solist.","og_url":"https:\/\/domaine-fritsch.com\/de\/produit\/aoc-alsace-gewurztraminer-spaetlese\/","og_site_name":"Domaine Fritsch","og_image":[{"width":450,"height":801,"url":"https:\/\/domaine-fritsch.com\/wp-content\/uploads\/2025\/03\/web-_0013_Gewurztraminer-VT.png","type":"image\/png"}],"twitter_card":"summary_large_image","schema":{"@context":"https:\/\/schema.org","@graph":[{"@type":"WebPage","@id":"https:\/\/domaine-fritsch.com\/de\/produit\/aoc-alsace-gewurztraminer-spaetlese\/","url":"https:\/\/domaine-fritsch.com\/de\/produit\/aoc-alsace-gewurztraminer-spaetlese\/","name":"AOC Alsace Gewurztraminer Sp\u00e4tlese - Domaine Fritsch","isPartOf":{"@id":"https:\/\/domaine-fritsch.com\/de\/#website"},"primaryImageOfPage":{"@id":"https:\/\/domaine-fritsch.com\/de\/produit\/aoc-alsace-gewurztraminer-spaetlese\/#primaryimage"},"image":{"@id":"https:\/\/domaine-fritsch.com\/de\/produit\/aoc-alsace-gewurztraminer-spaetlese\/#primaryimage"},"thumbnailUrl":"https:\/\/domaine-fritsch.com\/wp-content\/uploads\/2025\/03\/web-_0013_Gewurztraminer-VT.png","datePublished":"2025-03-27T14:56:10+00:00","description":"Dieser intensive Wein hat eine goldene Farbe und exotische Aromen. Er ist weich und lang anhaltend und eignet sich hervorragend f\u00fcr Desserts oder als Solist.","breadcrumb":{"@id":"https:\/\/domaine-fritsch.com\/de\/produit\/aoc-alsace-gewurztraminer-spaetlese\/#breadcrumb"},"inLanguage":"de","potentialAction":[{"@type":"ReadAction","target":["https:\/\/domaine-fritsch.com\/de\/produit\/aoc-alsace-gewurztraminer-spaetlese\/"]}]},{"@type":"ImageObject","inLanguage":"de","@id":"https:\/\/domaine-fritsch.com\/de\/produit\/aoc-alsace-gewurztraminer-spaetlese\/#primaryimage","url":"https:\/\/domaine-fritsch.com\/wp-content\/uploads\/2025\/03\/web-_0013_Gewurztraminer-VT.png","contentUrl":"https:\/\/domaine-fritsch.com\/wp-content\/uploads\/2025\/03\/web-_0013_Gewurztraminer-VT.png","width":450,"height":801},{"@type":"BreadcrumbList","@id":"https:\/\/domaine-fritsch.com\/de\/produit\/aoc-alsace-gewurztraminer-spaetlese\/#breadcrumb","itemListElement":[{"@type":"ListItem","position":1,"name":"Accueil","item":"https:\/\/domaine-fritsch.com\/de\/startseite\/"},{"@type":"ListItem","position":2,"name":"Produkte","item":"https:\/\/domaine-fritsch.com\/de\/shop\/"},{"@type":"ListItem","position":3,"name":"AOC Alsace Gewurztraminer Sp\u00e4tlese"}]},{"@type":"WebSite","@id":"https:\/\/domaine-fritsch.com\/de\/#website","url":"https:\/\/domaine-fritsch.com\/de\/","name":"Domaine Fritsch","description":"Vignerons \u00e0 Marlenheim","potentialAction":[{"@type":"SearchAction","target":{"@type":"EntryPoint","urlTemplate":"https:\/\/domaine-fritsch.com\/de\/?s={search_term_string}"},"query-input":{"@type":"PropertyValueSpecification","valueRequired":true,"valueName":"search_term_string"}}],"inLanguage":"de"}]}},"_links":{"self":[{"href":"https:\/\/domaine-fritsch.com\/de\/wp-json\/wp\/v2\/product\/238053","targetHints":{"allow":["GET"]}}],"collection":[{"href":"https:\/\/domaine-fritsch.com\/de\/wp-json\/wp\/v2\/product"}],"about":[{"href":"https:\/\/domaine-fritsch.com\/de\/wp-json\/wp\/v2\/types\/product"}],"replies":[{"embeddable":true,"href":"https:\/\/domaine-fritsch.com\/de\/wp-json\/wp\/v2\/comments?post=238053"}],"wp:featuredmedia":[{"embeddable":true,"href":"https:\/\/domaine-fritsch.com\/de\/wp-json\/wp\/v2\/media\/237924"}],"wp:attachment":[{"href":"https:\/\/domaine-fritsch.com\/de\/wp-json\/wp\/v2\/media?parent=238053"}],"wp:term":[{"taxonomy":"product_brand","embeddable":true,"href":"https:\/\/domaine-fritsch.com\/de\/wp-json\/wp\/v2\/product_brand?post=238053"},{"taxonomy":"product_cat","embeddable":true,"href":"https:\/\/domaine-fritsch.com\/de\/wp-json\/wp\/v2\/product_cat?post=238053"},{"taxonomy":"product_tag","embeddable":true,"href":"https:\/\/domaine-fritsch.com\/de\/wp-json\/wp\/v2\/product_tag?post=238053"}],"curies":[{"name":"wp","href":"https:\/\/api.w.org\/{rel}","templated":true}]}}