{"id":238060,"date":"2025-03-27T14:56:09","date_gmt":"2025-03-27T14:56:09","guid":{"rendered":"https:\/\/www.domaine-fritsch.envol-dev.com\/produit\/aoc-alsace-grand-cru-steinklotz-pinot-gris\/"},"modified":"2025-03-27T14:56:09","modified_gmt":"2025-03-27T14:56:09","slug":"aoc-alsace-grand-cru-steinklotz-pinot-gris","status":"publish","type":"product","link":"https:\/\/domaine-fritsch.com\/de\/produit\/aoc-alsace-grand-cru-steinklotz-pinot-gris\/","title":{"rendered":"AOC Alsace Grand Cru Steinklotz Pinot Gris"},"content":{"rendered":"<p>Die Pinot Gris, die auf unseren Steinklotz-Lagen angebaut werden, profitieren von ihrer idealen Sonnenlage, um ihre ideale Reife zu erreichen. Wir w\u00e4hlen den Zeitpunkt der Ernte, um einen reichhaltigen Wein zu produzieren, der seine aromatische Finesse beh\u00e4lt. In der Jugend entwickelt der Grand Cru Steinklotz ein intensives Aroma mit Noten von Quitte und Humus, bevor mineralische Noten zum Vorschein kommen. Dazu passt eine Entenbrust, warum nicht mit Fr\u00fcchten zubereitet.   <\/p>\n","protected":false},"excerpt":{"rendered":"<p>Dieser bodenst\u00e4ndige Pinot Gris hat ein reiches und sehr aromatisches Profil, das im Alter viel Frische beh\u00e4lt. Am Gaumen ist er sch\u00f6n rund und beh\u00e4lt eine gastronomische Ausgewogenheit. <\/p>\n","protected":false},"featured_media":237933,"comment_status":"closed","ping_status":"closed","template":"","meta":{"_et_pb_use_builder":"","_et_pb_old_content":"","_et_gb_content_width":""},"product_brand":[],"product_cat":[214],"product_tag":[],"class_list":{"0":"post-238060","1":"product","2":"type-product","3":"status-publish","4":"has-post-thumbnail","6":"product_cat-grands-crus-steinklotz-de","8":"first","9":"instock","10":"shipping-taxable","11":"product-type-simple"},"yoast_head":"<!-- This site is optimized with the Yoast SEO plugin v26.7 - https:\/\/yoast.com\/wordpress\/plugins\/seo\/ -->\n<title>AOC Alsace Grand Cru Steinklotz Pinot Gris - Domaine Fritsch<\/title>\n<meta name=\"description\" content=\"Dieser halbtrockene Pinot Gris ist reich und strukturiert, mit Noten von Quitte und Unterholz. Er spiegelt die Tiefe des Steinklotz-Terroirs wider.\" \/>\n<meta name=\"robots\" content=\"index, follow, max-snippet:-1, max-image-preview:large, max-video-preview:-1\" \/>\n<link rel=\"canonical\" href=\"https:\/\/domaine-fritsch.com\/de\/produit\/aoc-alsace-grand-cru-steinklotz-pinot-gris\/\" \/>\n<meta property=\"og:locale\" content=\"de_DE\" \/>\n<meta property=\"og:type\" content=\"article\" \/>\n<meta property=\"og:title\" content=\"AOC Alsace Grand Cru Steinklotz Pinot Gris - Domaine Fritsch\" \/>\n<meta property=\"og:description\" content=\"Dieser halbtrockene Pinot Gris ist reich und strukturiert, mit Noten von Quitte und Unterholz. Er spiegelt die Tiefe des Steinklotz-Terroirs wider.\" \/>\n<meta property=\"og:url\" content=\"https:\/\/domaine-fritsch.com\/de\/produit\/aoc-alsace-grand-cru-steinklotz-pinot-gris\/\" \/>\n<meta property=\"og:site_name\" content=\"Domaine Fritsch\" \/>\n<meta property=\"og:image\" content=\"https:\/\/domaine-fritsch.com\/wp-content\/uploads\/2025\/03\/web-_0016_GC-Steinklotz-Pinot-Gris.png\" \/>\n\t<meta property=\"og:image:width\" content=\"450\" \/>\n\t<meta property=\"og:image:height\" content=\"801\" \/>\n\t<meta property=\"og:image:type\" content=\"image\/png\" \/>\n<meta name=\"twitter:card\" content=\"summary_large_image\" \/>\n<script type=\"application\/ld+json\" class=\"yoast-schema-graph\">{\"@context\":\"https:\/\/schema.org\",\"@graph\":[{\"@type\":\"WebPage\",\"@id\":\"https:\/\/domaine-fritsch.com\/de\/produit\/aoc-alsace-grand-cru-steinklotz-pinot-gris\/\",\"url\":\"https:\/\/domaine-fritsch.com\/de\/produit\/aoc-alsace-grand-cru-steinklotz-pinot-gris\/\",\"name\":\"AOC Alsace Grand Cru Steinklotz Pinot Gris - Domaine Fritsch\",\"isPartOf\":{\"@id\":\"https:\/\/domaine-fritsch.com\/de\/#website\"},\"primaryImageOfPage\":{\"@id\":\"https:\/\/domaine-fritsch.com\/de\/produit\/aoc-alsace-grand-cru-steinklotz-pinot-gris\/#primaryimage\"},\"image\":{\"@id\":\"https:\/\/domaine-fritsch.com\/de\/produit\/aoc-alsace-grand-cru-steinklotz-pinot-gris\/#primaryimage\"},\"thumbnailUrl\":\"https:\/\/domaine-fritsch.com\/wp-content\/uploads\/2025\/03\/web-_0016_GC-Steinklotz-Pinot-Gris.png\",\"datePublished\":\"2025-03-27T14:56:09+00:00\",\"description\":\"Dieser halbtrockene Pinot Gris ist reich und strukturiert, mit Noten von Quitte und Unterholz. Er spiegelt die Tiefe des Steinklotz-Terroirs wider.\",\"breadcrumb\":{\"@id\":\"https:\/\/domaine-fritsch.com\/de\/produit\/aoc-alsace-grand-cru-steinklotz-pinot-gris\/#breadcrumb\"},\"inLanguage\":\"de\",\"potentialAction\":[{\"@type\":\"ReadAction\",\"target\":[\"https:\/\/domaine-fritsch.com\/de\/produit\/aoc-alsace-grand-cru-steinklotz-pinot-gris\/\"]}]},{\"@type\":\"ImageObject\",\"inLanguage\":\"de\",\"@id\":\"https:\/\/domaine-fritsch.com\/de\/produit\/aoc-alsace-grand-cru-steinklotz-pinot-gris\/#primaryimage\",\"url\":\"https:\/\/domaine-fritsch.com\/wp-content\/uploads\/2025\/03\/web-_0016_GC-Steinklotz-Pinot-Gris.png\",\"contentUrl\":\"https:\/\/domaine-fritsch.com\/wp-content\/uploads\/2025\/03\/web-_0016_GC-Steinklotz-Pinot-Gris.png\",\"width\":450,\"height\":801},{\"@type\":\"BreadcrumbList\",\"@id\":\"https:\/\/domaine-fritsch.com\/de\/produit\/aoc-alsace-grand-cru-steinklotz-pinot-gris\/#breadcrumb\",\"itemListElement\":[{\"@type\":\"ListItem\",\"position\":1,\"name\":\"Accueil\",\"item\":\"https:\/\/domaine-fritsch.com\/de\/startseite\/\"},{\"@type\":\"ListItem\",\"position\":2,\"name\":\"Produkte\",\"item\":\"https:\/\/domaine-fritsch.com\/de\/shop\/\"},{\"@type\":\"ListItem\",\"position\":3,\"name\":\"AOC Alsace Grand Cru Steinklotz Pinot Gris\"}]},{\"@type\":\"WebSite\",\"@id\":\"https:\/\/domaine-fritsch.com\/de\/#website\",\"url\":\"https:\/\/domaine-fritsch.com\/de\/\",\"name\":\"Domaine Fritsch\",\"description\":\"Vignerons \u00e0 Marlenheim\",\"potentialAction\":[{\"@type\":\"SearchAction\",\"target\":{\"@type\":\"EntryPoint\",\"urlTemplate\":\"https:\/\/domaine-fritsch.com\/de\/?s={search_term_string}\"},\"query-input\":{\"@type\":\"PropertyValueSpecification\",\"valueRequired\":true,\"valueName\":\"search_term_string\"}}],\"inLanguage\":\"de\"}]}<\/script>\n<!-- \/ Yoast SEO plugin. -->","yoast_head_json":{"title":"AOC Alsace Grand Cru Steinklotz Pinot Gris - Domaine Fritsch","description":"Dieser halbtrockene Pinot Gris ist reich und strukturiert, mit Noten von Quitte und Unterholz. Er spiegelt die Tiefe des Steinklotz-Terroirs wider.","robots":{"index":"index","follow":"follow","max-snippet":"max-snippet:-1","max-image-preview":"max-image-preview:large","max-video-preview":"max-video-preview:-1"},"canonical":"https:\/\/domaine-fritsch.com\/de\/produit\/aoc-alsace-grand-cru-steinklotz-pinot-gris\/","og_locale":"de_DE","og_type":"article","og_title":"AOC Alsace Grand Cru Steinklotz Pinot Gris - Domaine Fritsch","og_description":"Dieser halbtrockene Pinot Gris ist reich und strukturiert, mit Noten von Quitte und Unterholz. Er spiegelt die Tiefe des Steinklotz-Terroirs wider.","og_url":"https:\/\/domaine-fritsch.com\/de\/produit\/aoc-alsace-grand-cru-steinklotz-pinot-gris\/","og_site_name":"Domaine Fritsch","og_image":[{"width":450,"height":801,"url":"https:\/\/domaine-fritsch.com\/wp-content\/uploads\/2025\/03\/web-_0016_GC-Steinklotz-Pinot-Gris.png","type":"image\/png"}],"twitter_card":"summary_large_image","schema":{"@context":"https:\/\/schema.org","@graph":[{"@type":"WebPage","@id":"https:\/\/domaine-fritsch.com\/de\/produit\/aoc-alsace-grand-cru-steinklotz-pinot-gris\/","url":"https:\/\/domaine-fritsch.com\/de\/produit\/aoc-alsace-grand-cru-steinklotz-pinot-gris\/","name":"AOC Alsace Grand Cru Steinklotz Pinot Gris - Domaine Fritsch","isPartOf":{"@id":"https:\/\/domaine-fritsch.com\/de\/#website"},"primaryImageOfPage":{"@id":"https:\/\/domaine-fritsch.com\/de\/produit\/aoc-alsace-grand-cru-steinklotz-pinot-gris\/#primaryimage"},"image":{"@id":"https:\/\/domaine-fritsch.com\/de\/produit\/aoc-alsace-grand-cru-steinklotz-pinot-gris\/#primaryimage"},"thumbnailUrl":"https:\/\/domaine-fritsch.com\/wp-content\/uploads\/2025\/03\/web-_0016_GC-Steinklotz-Pinot-Gris.png","datePublished":"2025-03-27T14:56:09+00:00","description":"Dieser halbtrockene Pinot Gris ist reich und strukturiert, mit Noten von Quitte und Unterholz. Er spiegelt die Tiefe des Steinklotz-Terroirs wider.","breadcrumb":{"@id":"https:\/\/domaine-fritsch.com\/de\/produit\/aoc-alsace-grand-cru-steinklotz-pinot-gris\/#breadcrumb"},"inLanguage":"de","potentialAction":[{"@type":"ReadAction","target":["https:\/\/domaine-fritsch.com\/de\/produit\/aoc-alsace-grand-cru-steinklotz-pinot-gris\/"]}]},{"@type":"ImageObject","inLanguage":"de","@id":"https:\/\/domaine-fritsch.com\/de\/produit\/aoc-alsace-grand-cru-steinklotz-pinot-gris\/#primaryimage","url":"https:\/\/domaine-fritsch.com\/wp-content\/uploads\/2025\/03\/web-_0016_GC-Steinklotz-Pinot-Gris.png","contentUrl":"https:\/\/domaine-fritsch.com\/wp-content\/uploads\/2025\/03\/web-_0016_GC-Steinklotz-Pinot-Gris.png","width":450,"height":801},{"@type":"BreadcrumbList","@id":"https:\/\/domaine-fritsch.com\/de\/produit\/aoc-alsace-grand-cru-steinklotz-pinot-gris\/#breadcrumb","itemListElement":[{"@type":"ListItem","position":1,"name":"Accueil","item":"https:\/\/domaine-fritsch.com\/de\/startseite\/"},{"@type":"ListItem","position":2,"name":"Produkte","item":"https:\/\/domaine-fritsch.com\/de\/shop\/"},{"@type":"ListItem","position":3,"name":"AOC Alsace Grand Cru Steinklotz Pinot Gris"}]},{"@type":"WebSite","@id":"https:\/\/domaine-fritsch.com\/de\/#website","url":"https:\/\/domaine-fritsch.com\/de\/","name":"Domaine Fritsch","description":"Vignerons \u00e0 Marlenheim","potentialAction":[{"@type":"SearchAction","target":{"@type":"EntryPoint","urlTemplate":"https:\/\/domaine-fritsch.com\/de\/?s={search_term_string}"},"query-input":{"@type":"PropertyValueSpecification","valueRequired":true,"valueName":"search_term_string"}}],"inLanguage":"de"}]}},"_links":{"self":[{"href":"https:\/\/domaine-fritsch.com\/de\/wp-json\/wp\/v2\/product\/238060","targetHints":{"allow":["GET"]}}],"collection":[{"href":"https:\/\/domaine-fritsch.com\/de\/wp-json\/wp\/v2\/product"}],"about":[{"href":"https:\/\/domaine-fritsch.com\/de\/wp-json\/wp\/v2\/types\/product"}],"replies":[{"embeddable":true,"href":"https:\/\/domaine-fritsch.com\/de\/wp-json\/wp\/v2\/comments?post=238060"}],"wp:featuredmedia":[{"embeddable":true,"href":"https:\/\/domaine-fritsch.com\/de\/wp-json\/wp\/v2\/media\/237933"}],"wp:attachment":[{"href":"https:\/\/domaine-fritsch.com\/de\/wp-json\/wp\/v2\/media?parent=238060"}],"wp:term":[{"taxonomy":"product_brand","embeddable":true,"href":"https:\/\/domaine-fritsch.com\/de\/wp-json\/wp\/v2\/product_brand?post=238060"},{"taxonomy":"product_cat","embeddable":true,"href":"https:\/\/domaine-fritsch.com\/de\/wp-json\/wp\/v2\/product_cat?post=238060"},{"taxonomy":"product_tag","embeddable":true,"href":"https:\/\/domaine-fritsch.com\/de\/wp-json\/wp\/v2\/product_tag?post=238060"}],"curies":[{"name":"wp","href":"https:\/\/api.w.org\/{rel}","templated":true}]}}