{"id":238061,"date":"2025-03-27T14:56:09","date_gmt":"2025-03-27T14:56:09","guid":{"rendered":"https:\/\/www.domaine-fritsch.envol-dev.com\/produit\/aoc-alsace-muscat\/"},"modified":"2025-03-27T14:56:09","modified_gmt":"2025-03-27T14:56:09","slug":"aoc-alsace-muscat","status":"publish","type":"product","link":"https:\/\/domaine-fritsch.com\/de\/produit\/aoc-alsace-muscat\/","title":{"rendered":"AOC Alsace Muscat"},"content":{"rendered":"<p>Die Muscat d&#8217;Alsace und Ottonel werden bei optimaler Reife geerntet, um die Frische der Rebsorte zu bewahren. Wenn es die Bedingungen erlauben, wird ein Teil der Ernte einer kurzen Maischeg\u00e4rung unterzogen, um das Volumen im Mund zu entwickeln. Wenn er trocken vinifiziert wird, entfaltet er seine typischen Aromen von frischen Trauben, Mango und Holunderbl\u00fcten. Dieser Wein eignet sich hervorragend als Aperitif, zu Spargel oder einer Gem\u00fcsepfanne.   <\/p>\n","protected":false},"excerpt":{"rendered":"<p>Der Muscat ist der ideale Wein f\u00fcr einen Aperitif. Die reiche Aromatik dieses Weines dr\u00fcckt sich in sehr frischen Noten von Holunderbl\u00fcten und frischen Trauben aus, w\u00e4hrend er am Gaumen ein trockenes und leichtes Gleichgewicht bewahrt. <\/p>\n","protected":false},"featured_media":237909,"comment_status":"closed","ping_status":"closed","template":"","meta":{"_et_pb_use_builder":"","_et_pb_old_content":"","_et_gb_content_width":""},"product_brand":[],"product_cat":[242],"product_tag":[],"class_list":{"0":"post-238061","1":"product","2":"type-product","3":"status-publish","4":"has-post-thumbnail","6":"product_cat-weis","8":"first","9":"instock","10":"shipping-taxable","11":"product-type-simple"},"yoast_head":"<!-- This site is optimized with the Yoast SEO plugin v26.7 - https:\/\/yoast.com\/wordpress\/plugins\/seo\/ -->\n<title>AOC Alsace Muscat - Domaine Fritsch<\/title>\n<meta name=\"description\" content=\"Dieser trockene Muscat mit einer gl\u00e4nzenden Farbe und einem Bukett von frischen Trauben und Mango ist knackig und fruchtig, ideal als Aperitif oder zu Spargel.\" \/>\n<meta name=\"robots\" content=\"index, follow, max-snippet:-1, max-image-preview:large, max-video-preview:-1\" \/>\n<link rel=\"canonical\" href=\"https:\/\/domaine-fritsch.com\/de\/produit\/aoc-alsace-muscat\/\" \/>\n<meta property=\"og:locale\" content=\"de_DE\" \/>\n<meta property=\"og:type\" content=\"article\" \/>\n<meta property=\"og:title\" content=\"AOC Alsace Muscat - Domaine Fritsch\" \/>\n<meta property=\"og:description\" content=\"Dieser trockene Muscat mit einer gl\u00e4nzenden Farbe und einem Bukett von frischen Trauben und Mango ist knackig und fruchtig, ideal als Aperitif oder zu Spargel.\" \/>\n<meta property=\"og:url\" content=\"https:\/\/domaine-fritsch.com\/de\/produit\/aoc-alsace-muscat\/\" \/>\n<meta property=\"og:site_name\" content=\"Domaine Fritsch\" \/>\n<meta property=\"og:image\" content=\"https:\/\/domaine-fritsch.com\/wp-content\/uploads\/2025\/03\/web-_0008_Muscat.png\" \/>\n\t<meta property=\"og:image:width\" content=\"450\" \/>\n\t<meta property=\"og:image:height\" content=\"801\" \/>\n\t<meta property=\"og:image:type\" content=\"image\/png\" \/>\n<meta name=\"twitter:card\" content=\"summary_large_image\" \/>\n<script type=\"application\/ld+json\" class=\"yoast-schema-graph\">{\"@context\":\"https:\/\/schema.org\",\"@graph\":[{\"@type\":\"WebPage\",\"@id\":\"https:\/\/domaine-fritsch.com\/de\/produit\/aoc-alsace-muscat\/\",\"url\":\"https:\/\/domaine-fritsch.com\/de\/produit\/aoc-alsace-muscat\/\",\"name\":\"AOC Alsace Muscat - Domaine Fritsch\",\"isPartOf\":{\"@id\":\"https:\/\/domaine-fritsch.com\/de\/#website\"},\"primaryImageOfPage\":{\"@id\":\"https:\/\/domaine-fritsch.com\/de\/produit\/aoc-alsace-muscat\/#primaryimage\"},\"image\":{\"@id\":\"https:\/\/domaine-fritsch.com\/de\/produit\/aoc-alsace-muscat\/#primaryimage\"},\"thumbnailUrl\":\"https:\/\/domaine-fritsch.com\/wp-content\/uploads\/2025\/03\/web-_0008_Muscat.png\",\"datePublished\":\"2025-03-27T14:56:09+00:00\",\"description\":\"Dieser trockene Muscat mit einer gl\u00e4nzenden Farbe und einem Bukett von frischen Trauben und Mango ist knackig und fruchtig, ideal als Aperitif oder zu Spargel.\",\"breadcrumb\":{\"@id\":\"https:\/\/domaine-fritsch.com\/de\/produit\/aoc-alsace-muscat\/#breadcrumb\"},\"inLanguage\":\"de\",\"potentialAction\":[{\"@type\":\"ReadAction\",\"target\":[\"https:\/\/domaine-fritsch.com\/de\/produit\/aoc-alsace-muscat\/\"]}]},{\"@type\":\"ImageObject\",\"inLanguage\":\"de\",\"@id\":\"https:\/\/domaine-fritsch.com\/de\/produit\/aoc-alsace-muscat\/#primaryimage\",\"url\":\"https:\/\/domaine-fritsch.com\/wp-content\/uploads\/2025\/03\/web-_0008_Muscat.png\",\"contentUrl\":\"https:\/\/domaine-fritsch.com\/wp-content\/uploads\/2025\/03\/web-_0008_Muscat.png\",\"width\":450,\"height\":801},{\"@type\":\"BreadcrumbList\",\"@id\":\"https:\/\/domaine-fritsch.com\/de\/produit\/aoc-alsace-muscat\/#breadcrumb\",\"itemListElement\":[{\"@type\":\"ListItem\",\"position\":1,\"name\":\"Accueil\",\"item\":\"https:\/\/domaine-fritsch.com\/de\/startseite\/\"},{\"@type\":\"ListItem\",\"position\":2,\"name\":\"Produkte\",\"item\":\"https:\/\/domaine-fritsch.com\/de\/shop\/\"},{\"@type\":\"ListItem\",\"position\":3,\"name\":\"AOC Alsace Muscat\"}]},{\"@type\":\"WebSite\",\"@id\":\"https:\/\/domaine-fritsch.com\/de\/#website\",\"url\":\"https:\/\/domaine-fritsch.com\/de\/\",\"name\":\"Domaine Fritsch\",\"description\":\"Vignerons \u00e0 Marlenheim\",\"potentialAction\":[{\"@type\":\"SearchAction\",\"target\":{\"@type\":\"EntryPoint\",\"urlTemplate\":\"https:\/\/domaine-fritsch.com\/de\/?s={search_term_string}\"},\"query-input\":{\"@type\":\"PropertyValueSpecification\",\"valueRequired\":true,\"valueName\":\"search_term_string\"}}],\"inLanguage\":\"de\"}]}<\/script>\n<!-- \/ Yoast SEO plugin. -->","yoast_head_json":{"title":"AOC Alsace Muscat - Domaine Fritsch","description":"Dieser trockene Muscat mit einer gl\u00e4nzenden Farbe und einem Bukett von frischen Trauben und Mango ist knackig und fruchtig, ideal als Aperitif oder zu Spargel.","robots":{"index":"index","follow":"follow","max-snippet":"max-snippet:-1","max-image-preview":"max-image-preview:large","max-video-preview":"max-video-preview:-1"},"canonical":"https:\/\/domaine-fritsch.com\/de\/produit\/aoc-alsace-muscat\/","og_locale":"de_DE","og_type":"article","og_title":"AOC Alsace Muscat - Domaine Fritsch","og_description":"Dieser trockene Muscat mit einer gl\u00e4nzenden Farbe und einem Bukett von frischen Trauben und Mango ist knackig und fruchtig, ideal als Aperitif oder zu Spargel.","og_url":"https:\/\/domaine-fritsch.com\/de\/produit\/aoc-alsace-muscat\/","og_site_name":"Domaine Fritsch","og_image":[{"width":450,"height":801,"url":"https:\/\/domaine-fritsch.com\/wp-content\/uploads\/2025\/03\/web-_0008_Muscat.png","type":"image\/png"}],"twitter_card":"summary_large_image","schema":{"@context":"https:\/\/schema.org","@graph":[{"@type":"WebPage","@id":"https:\/\/domaine-fritsch.com\/de\/produit\/aoc-alsace-muscat\/","url":"https:\/\/domaine-fritsch.com\/de\/produit\/aoc-alsace-muscat\/","name":"AOC Alsace Muscat - Domaine Fritsch","isPartOf":{"@id":"https:\/\/domaine-fritsch.com\/de\/#website"},"primaryImageOfPage":{"@id":"https:\/\/domaine-fritsch.com\/de\/produit\/aoc-alsace-muscat\/#primaryimage"},"image":{"@id":"https:\/\/domaine-fritsch.com\/de\/produit\/aoc-alsace-muscat\/#primaryimage"},"thumbnailUrl":"https:\/\/domaine-fritsch.com\/wp-content\/uploads\/2025\/03\/web-_0008_Muscat.png","datePublished":"2025-03-27T14:56:09+00:00","description":"Dieser trockene Muscat mit einer gl\u00e4nzenden Farbe und einem Bukett von frischen Trauben und Mango ist knackig und fruchtig, ideal als Aperitif oder zu Spargel.","breadcrumb":{"@id":"https:\/\/domaine-fritsch.com\/de\/produit\/aoc-alsace-muscat\/#breadcrumb"},"inLanguage":"de","potentialAction":[{"@type":"ReadAction","target":["https:\/\/domaine-fritsch.com\/de\/produit\/aoc-alsace-muscat\/"]}]},{"@type":"ImageObject","inLanguage":"de","@id":"https:\/\/domaine-fritsch.com\/de\/produit\/aoc-alsace-muscat\/#primaryimage","url":"https:\/\/domaine-fritsch.com\/wp-content\/uploads\/2025\/03\/web-_0008_Muscat.png","contentUrl":"https:\/\/domaine-fritsch.com\/wp-content\/uploads\/2025\/03\/web-_0008_Muscat.png","width":450,"height":801},{"@type":"BreadcrumbList","@id":"https:\/\/domaine-fritsch.com\/de\/produit\/aoc-alsace-muscat\/#breadcrumb","itemListElement":[{"@type":"ListItem","position":1,"name":"Accueil","item":"https:\/\/domaine-fritsch.com\/de\/startseite\/"},{"@type":"ListItem","position":2,"name":"Produkte","item":"https:\/\/domaine-fritsch.com\/de\/shop\/"},{"@type":"ListItem","position":3,"name":"AOC Alsace Muscat"}]},{"@type":"WebSite","@id":"https:\/\/domaine-fritsch.com\/de\/#website","url":"https:\/\/domaine-fritsch.com\/de\/","name":"Domaine Fritsch","description":"Vignerons \u00e0 Marlenheim","potentialAction":[{"@type":"SearchAction","target":{"@type":"EntryPoint","urlTemplate":"https:\/\/domaine-fritsch.com\/de\/?s={search_term_string}"},"query-input":{"@type":"PropertyValueSpecification","valueRequired":true,"valueName":"search_term_string"}}],"inLanguage":"de"}]}},"_links":{"self":[{"href":"https:\/\/domaine-fritsch.com\/de\/wp-json\/wp\/v2\/product\/238061","targetHints":{"allow":["GET"]}}],"collection":[{"href":"https:\/\/domaine-fritsch.com\/de\/wp-json\/wp\/v2\/product"}],"about":[{"href":"https:\/\/domaine-fritsch.com\/de\/wp-json\/wp\/v2\/types\/product"}],"replies":[{"embeddable":true,"href":"https:\/\/domaine-fritsch.com\/de\/wp-json\/wp\/v2\/comments?post=238061"}],"wp:featuredmedia":[{"embeddable":true,"href":"https:\/\/domaine-fritsch.com\/de\/wp-json\/wp\/v2\/media\/237909"}],"wp:attachment":[{"href":"https:\/\/domaine-fritsch.com\/de\/wp-json\/wp\/v2\/media?parent=238061"}],"wp:term":[{"taxonomy":"product_brand","embeddable":true,"href":"https:\/\/domaine-fritsch.com\/de\/wp-json\/wp\/v2\/product_brand?post=238061"},{"taxonomy":"product_cat","embeddable":true,"href":"https:\/\/domaine-fritsch.com\/de\/wp-json\/wp\/v2\/product_cat?post=238061"},{"taxonomy":"product_tag","embeddable":true,"href":"https:\/\/domaine-fritsch.com\/de\/wp-json\/wp\/v2\/product_tag?post=238061"}],"curies":[{"name":"wp","href":"https:\/\/api.w.org\/{rel}","templated":true}]}}