{"id":238062,"date":"2025-03-27T14:56:09","date_gmt":"2025-03-27T14:56:09","guid":{"rendered":"https:\/\/www.domaine-fritsch.envol-dev.com\/produit\/aoc-alsace-pinot-gris\/"},"modified":"2025-03-27T14:56:09","modified_gmt":"2025-03-27T14:56:09","slug":"aoc-alsace-pinot-gris","status":"publish","type":"product","link":"https:\/\/domaine-fritsch.com\/de\/produit\/aoc-alsace-pinot-gris\/","title":{"rendered":"AOC Alsace Pinot Gris"},"content":{"rendered":"<p>Die leicht \u00fcberreifen Pinot Gris-Trauben, die auf den kalkhaltigen B\u00f6den des Marlenbergs geerntet werden, erm\u00f6glichen es uns, einen Wein mit mehr F\u00fclle zu vinifizieren, der die Aromatik von frischen Quitten und Humus bewahrt. Der Ausbau eines Teils der Ernte auf der Feinhefe wird die volle Struktur des Weines verst\u00e4rken. Er wird seinen Platz an der Seite einer reichhaltigeren K\u00fcche, Gerichten mit Sauce oder Pilzen finden.  <\/p>\n","protected":false},"excerpt":{"rendered":"<p>Der Pinot Gris ist ein Wein, der sich durch einen runden, aber ausgewogenen Geschmack auszeichnet. Perfekt zu Gerichten mit wei\u00dfem Fleisch, Pilzen oder Sahne. <\/p>\n","protected":false},"featured_media":237918,"comment_status":"closed","ping_status":"closed","template":"","meta":{"_et_pb_use_builder":"","_et_pb_old_content":"","_et_gb_content_width":""},"product_brand":[],"product_cat":[242],"product_tag":[],"class_list":{"0":"post-238062","1":"product","2":"type-product","3":"status-publish","4":"has-post-thumbnail","6":"product_cat-weis","8":"first","9":"instock","10":"shipping-taxable","11":"product-type-simple"},"yoast_head":"<!-- This site is optimized with the Yoast SEO plugin v26.7 - https:\/\/yoast.com\/wordpress\/plugins\/seo\/ -->\n<title>AOC Alsace Pinot Gris - Domaine Fritsch<\/title>\n<meta name=\"description\" content=\"Mit seiner goldenen Farbe mit kupferfarbenen Reflexen verf\u00fchrt dieser halbtrockene Pinot Gris mit seinen Quittenaromen und seinem Gleichgewicht zwischen F\u00fclle, Rundheit und Frische.\" \/>\n<meta name=\"robots\" content=\"index, follow, max-snippet:-1, max-image-preview:large, max-video-preview:-1\" \/>\n<link rel=\"canonical\" href=\"https:\/\/domaine-fritsch.com\/de\/produit\/aoc-alsace-pinot-gris\/\" \/>\n<meta property=\"og:locale\" content=\"de_DE\" \/>\n<meta property=\"og:type\" content=\"article\" \/>\n<meta property=\"og:title\" content=\"AOC Alsace Pinot Gris - Domaine Fritsch\" \/>\n<meta property=\"og:description\" content=\"Mit seiner goldenen Farbe mit kupferfarbenen Reflexen verf\u00fchrt dieser halbtrockene Pinot Gris mit seinen Quittenaromen und seinem Gleichgewicht zwischen F\u00fclle, Rundheit und Frische.\" \/>\n<meta property=\"og:url\" content=\"https:\/\/domaine-fritsch.com\/de\/produit\/aoc-alsace-pinot-gris\/\" \/>\n<meta property=\"og:site_name\" content=\"Domaine Fritsch\" \/>\n<meta property=\"og:image\" content=\"https:\/\/domaine-fritsch.com\/wp-content\/uploads\/2025\/03\/web-_0011_Pinot-Gris.png\" \/>\n\t<meta property=\"og:image:width\" content=\"450\" \/>\n\t<meta property=\"og:image:height\" content=\"801\" \/>\n\t<meta property=\"og:image:type\" content=\"image\/png\" \/>\n<meta name=\"twitter:card\" content=\"summary_large_image\" \/>\n<script type=\"application\/ld+json\" class=\"yoast-schema-graph\">{\"@context\":\"https:\/\/schema.org\",\"@graph\":[{\"@type\":\"WebPage\",\"@id\":\"https:\/\/domaine-fritsch.com\/de\/produit\/aoc-alsace-pinot-gris\/\",\"url\":\"https:\/\/domaine-fritsch.com\/de\/produit\/aoc-alsace-pinot-gris\/\",\"name\":\"AOC Alsace Pinot Gris - Domaine Fritsch\",\"isPartOf\":{\"@id\":\"https:\/\/domaine-fritsch.com\/de\/#website\"},\"primaryImageOfPage\":{\"@id\":\"https:\/\/domaine-fritsch.com\/de\/produit\/aoc-alsace-pinot-gris\/#primaryimage\"},\"image\":{\"@id\":\"https:\/\/domaine-fritsch.com\/de\/produit\/aoc-alsace-pinot-gris\/#primaryimage\"},\"thumbnailUrl\":\"https:\/\/domaine-fritsch.com\/wp-content\/uploads\/2025\/03\/web-_0011_Pinot-Gris.png\",\"datePublished\":\"2025-03-27T14:56:09+00:00\",\"description\":\"Mit seiner goldenen Farbe mit kupferfarbenen Reflexen verf\u00fchrt dieser halbtrockene Pinot Gris mit seinen Quittenaromen und seinem Gleichgewicht zwischen F\u00fclle, Rundheit und Frische.\",\"breadcrumb\":{\"@id\":\"https:\/\/domaine-fritsch.com\/de\/produit\/aoc-alsace-pinot-gris\/#breadcrumb\"},\"inLanguage\":\"de\",\"potentialAction\":[{\"@type\":\"ReadAction\",\"target\":[\"https:\/\/domaine-fritsch.com\/de\/produit\/aoc-alsace-pinot-gris\/\"]}]},{\"@type\":\"ImageObject\",\"inLanguage\":\"de\",\"@id\":\"https:\/\/domaine-fritsch.com\/de\/produit\/aoc-alsace-pinot-gris\/#primaryimage\",\"url\":\"https:\/\/domaine-fritsch.com\/wp-content\/uploads\/2025\/03\/web-_0011_Pinot-Gris.png\",\"contentUrl\":\"https:\/\/domaine-fritsch.com\/wp-content\/uploads\/2025\/03\/web-_0011_Pinot-Gris.png\",\"width\":450,\"height\":801},{\"@type\":\"BreadcrumbList\",\"@id\":\"https:\/\/domaine-fritsch.com\/de\/produit\/aoc-alsace-pinot-gris\/#breadcrumb\",\"itemListElement\":[{\"@type\":\"ListItem\",\"position\":1,\"name\":\"Accueil\",\"item\":\"https:\/\/domaine-fritsch.com\/de\/startseite\/\"},{\"@type\":\"ListItem\",\"position\":2,\"name\":\"Produkte\",\"item\":\"https:\/\/domaine-fritsch.com\/de\/shop\/\"},{\"@type\":\"ListItem\",\"position\":3,\"name\":\"AOC Alsace Pinot Gris\"}]},{\"@type\":\"WebSite\",\"@id\":\"https:\/\/domaine-fritsch.com\/de\/#website\",\"url\":\"https:\/\/domaine-fritsch.com\/de\/\",\"name\":\"Domaine Fritsch\",\"description\":\"Vignerons \u00e0 Marlenheim\",\"potentialAction\":[{\"@type\":\"SearchAction\",\"target\":{\"@type\":\"EntryPoint\",\"urlTemplate\":\"https:\/\/domaine-fritsch.com\/de\/?s={search_term_string}\"},\"query-input\":{\"@type\":\"PropertyValueSpecification\",\"valueRequired\":true,\"valueName\":\"search_term_string\"}}],\"inLanguage\":\"de\"}]}<\/script>\n<!-- \/ Yoast SEO plugin. -->","yoast_head_json":{"title":"AOC Alsace Pinot Gris - Domaine Fritsch","description":"Mit seiner goldenen Farbe mit kupferfarbenen Reflexen verf\u00fchrt dieser halbtrockene Pinot Gris mit seinen Quittenaromen und seinem Gleichgewicht zwischen F\u00fclle, Rundheit und Frische.","robots":{"index":"index","follow":"follow","max-snippet":"max-snippet:-1","max-image-preview":"max-image-preview:large","max-video-preview":"max-video-preview:-1"},"canonical":"https:\/\/domaine-fritsch.com\/de\/produit\/aoc-alsace-pinot-gris\/","og_locale":"de_DE","og_type":"article","og_title":"AOC Alsace Pinot Gris - Domaine Fritsch","og_description":"Mit seiner goldenen Farbe mit kupferfarbenen Reflexen verf\u00fchrt dieser halbtrockene Pinot Gris mit seinen Quittenaromen und seinem Gleichgewicht zwischen F\u00fclle, Rundheit und Frische.","og_url":"https:\/\/domaine-fritsch.com\/de\/produit\/aoc-alsace-pinot-gris\/","og_site_name":"Domaine Fritsch","og_image":[{"width":450,"height":801,"url":"https:\/\/domaine-fritsch.com\/wp-content\/uploads\/2025\/03\/web-_0011_Pinot-Gris.png","type":"image\/png"}],"twitter_card":"summary_large_image","schema":{"@context":"https:\/\/schema.org","@graph":[{"@type":"WebPage","@id":"https:\/\/domaine-fritsch.com\/de\/produit\/aoc-alsace-pinot-gris\/","url":"https:\/\/domaine-fritsch.com\/de\/produit\/aoc-alsace-pinot-gris\/","name":"AOC Alsace Pinot Gris - Domaine Fritsch","isPartOf":{"@id":"https:\/\/domaine-fritsch.com\/de\/#website"},"primaryImageOfPage":{"@id":"https:\/\/domaine-fritsch.com\/de\/produit\/aoc-alsace-pinot-gris\/#primaryimage"},"image":{"@id":"https:\/\/domaine-fritsch.com\/de\/produit\/aoc-alsace-pinot-gris\/#primaryimage"},"thumbnailUrl":"https:\/\/domaine-fritsch.com\/wp-content\/uploads\/2025\/03\/web-_0011_Pinot-Gris.png","datePublished":"2025-03-27T14:56:09+00:00","description":"Mit seiner goldenen Farbe mit kupferfarbenen Reflexen verf\u00fchrt dieser halbtrockene Pinot Gris mit seinen Quittenaromen und seinem Gleichgewicht zwischen F\u00fclle, Rundheit und Frische.","breadcrumb":{"@id":"https:\/\/domaine-fritsch.com\/de\/produit\/aoc-alsace-pinot-gris\/#breadcrumb"},"inLanguage":"de","potentialAction":[{"@type":"ReadAction","target":["https:\/\/domaine-fritsch.com\/de\/produit\/aoc-alsace-pinot-gris\/"]}]},{"@type":"ImageObject","inLanguage":"de","@id":"https:\/\/domaine-fritsch.com\/de\/produit\/aoc-alsace-pinot-gris\/#primaryimage","url":"https:\/\/domaine-fritsch.com\/wp-content\/uploads\/2025\/03\/web-_0011_Pinot-Gris.png","contentUrl":"https:\/\/domaine-fritsch.com\/wp-content\/uploads\/2025\/03\/web-_0011_Pinot-Gris.png","width":450,"height":801},{"@type":"BreadcrumbList","@id":"https:\/\/domaine-fritsch.com\/de\/produit\/aoc-alsace-pinot-gris\/#breadcrumb","itemListElement":[{"@type":"ListItem","position":1,"name":"Accueil","item":"https:\/\/domaine-fritsch.com\/de\/startseite\/"},{"@type":"ListItem","position":2,"name":"Produkte","item":"https:\/\/domaine-fritsch.com\/de\/shop\/"},{"@type":"ListItem","position":3,"name":"AOC Alsace Pinot Gris"}]},{"@type":"WebSite","@id":"https:\/\/domaine-fritsch.com\/de\/#website","url":"https:\/\/domaine-fritsch.com\/de\/","name":"Domaine Fritsch","description":"Vignerons \u00e0 Marlenheim","potentialAction":[{"@type":"SearchAction","target":{"@type":"EntryPoint","urlTemplate":"https:\/\/domaine-fritsch.com\/de\/?s={search_term_string}"},"query-input":{"@type":"PropertyValueSpecification","valueRequired":true,"valueName":"search_term_string"}}],"inLanguage":"de"}]}},"_links":{"self":[{"href":"https:\/\/domaine-fritsch.com\/de\/wp-json\/wp\/v2\/product\/238062","targetHints":{"allow":["GET"]}}],"collection":[{"href":"https:\/\/domaine-fritsch.com\/de\/wp-json\/wp\/v2\/product"}],"about":[{"href":"https:\/\/domaine-fritsch.com\/de\/wp-json\/wp\/v2\/types\/product"}],"replies":[{"embeddable":true,"href":"https:\/\/domaine-fritsch.com\/de\/wp-json\/wp\/v2\/comments?post=238062"}],"wp:featuredmedia":[{"embeddable":true,"href":"https:\/\/domaine-fritsch.com\/de\/wp-json\/wp\/v2\/media\/237918"}],"wp:attachment":[{"href":"https:\/\/domaine-fritsch.com\/de\/wp-json\/wp\/v2\/media?parent=238062"}],"wp:term":[{"taxonomy":"product_brand","embeddable":true,"href":"https:\/\/domaine-fritsch.com\/de\/wp-json\/wp\/v2\/product_brand?post=238062"},{"taxonomy":"product_cat","embeddable":true,"href":"https:\/\/domaine-fritsch.com\/de\/wp-json\/wp\/v2\/product_cat?post=238062"},{"taxonomy":"product_tag","embeddable":true,"href":"https:\/\/domaine-fritsch.com\/de\/wp-json\/wp\/v2\/product_tag?post=238062"}],"curies":[{"name":"wp","href":"https:\/\/api.w.org\/{rel}","templated":true}]}}