{"id":238067,"date":"2025-03-27T14:56:10","date_gmt":"2025-03-27T14:56:10","guid":{"rendered":"https:\/\/www.domaine-fritsch.envol-dev.com\/produit\/aoc-cremant-dalsace-rose\/"},"modified":"2025-03-27T14:56:10","modified_gmt":"2025-03-27T14:56:10","slug":"aoc-cremant-dalsace-rose","status":"publish","type":"product","link":"https:\/\/domaine-fritsch.com\/de\/produit\/aoc-cremant-dalsace-rose\/","title":{"rendered":"AOC Cr\u00e9mant d&#8217;Alsace ros\u00e9"},"content":{"rendered":"<p>Die Pinot Noirs f\u00fcr die Herstellung dieses Cr\u00e9mant Ros\u00e9 sind oft die ersten Trauben, die wir in jedem Jahrgang ernten. Eine sanfte Pressung, um keine H\u00e4rte zu extrahieren, gefolgt von einem Ausbau in INOX-Tanks, um den fruchtigen Charakter dieses Perlweins zu bewahren. Nach der Abf\u00fcllung reifen wir mindestens 24 Monate auf Latten, um die Struktur dieses Weines zu verfeinern und seine fruchtigen Noten noch mehr hervorzuheben. Er kann als Aperitif getrunken werden, aber noch besser schmeckt er zu einem Dessert mit Fr\u00fcchten.   <\/p>\n","protected":false},"excerpt":{"rendered":"<p>100% Pinot Noir, dieser himbeerfarbene Cr\u00e9mant hat ein sehr fruchtiges und ausgewogenes Profil. Ein sch\u00f6ner Begleiter zu fruchtigen Desserts oder als Aperitif. <\/p>\n","protected":false},"featured_media":237386,"comment_status":"closed","ping_status":"closed","template":"","meta":{"_et_pb_use_builder":"","_et_pb_old_content":"","_et_gb_content_width":""},"product_brand":[],"product_cat":[248],"product_tag":[],"class_list":{"0":"post-238067","1":"product","2":"type-product","3":"status-publish","4":"has-post-thumbnail","6":"product_cat-blasen","8":"first","9":"instock","10":"shipping-taxable","11":"product-type-simple"},"yoast_head":"<!-- This site is optimized with the Yoast SEO plugin v26.7 - https:\/\/yoast.com\/wordpress\/plugins\/seo\/ -->\n<title>AOC Cr\u00e9mant d&#039;Alsace ros\u00e9 - Domaine Fritsch<\/title>\n<meta name=\"description\" content=\"Dieser gl\u00e4nzende rosafarbene Cr\u00e9mant enth\u00fcllt Aromen von Erdbeeren und Himbeeren. Er ist elegant und lebhaft und eignet sich hervorragend zu Desserts oder einem sommerlichen Aperitif.\" \/>\n<meta name=\"robots\" content=\"index, follow, max-snippet:-1, max-image-preview:large, max-video-preview:-1\" \/>\n<link rel=\"canonical\" href=\"https:\/\/domaine-fritsch.com\/de\/produit\/aoc-cremant-dalsace-rose\/\" \/>\n<meta property=\"og:locale\" content=\"de_DE\" \/>\n<meta property=\"og:type\" content=\"article\" \/>\n<meta property=\"og:title\" content=\"AOC Cr\u00e9mant d&#039;Alsace ros\u00e9 - Domaine Fritsch\" \/>\n<meta property=\"og:description\" content=\"Dieser gl\u00e4nzende rosafarbene Cr\u00e9mant enth\u00fcllt Aromen von Erdbeeren und Himbeeren. Er ist elegant und lebhaft und eignet sich hervorragend zu Desserts oder einem sommerlichen Aperitif.\" \/>\n<meta property=\"og:url\" content=\"https:\/\/domaine-fritsch.com\/de\/produit\/aoc-cremant-dalsace-rose\/\" \/>\n<meta property=\"og:site_name\" content=\"Domaine Fritsch\" \/>\n<meta property=\"og:image\" content=\"https:\/\/domaine-fritsch.com\/wp-content\/uploads\/2025\/03\/cremant-alsace-rose.png\" \/>\n\t<meta property=\"og:image:width\" content=\"450\" \/>\n\t<meta property=\"og:image:height\" content=\"800\" \/>\n\t<meta property=\"og:image:type\" content=\"image\/png\" \/>\n<meta name=\"twitter:card\" content=\"summary_large_image\" \/>\n<script type=\"application\/ld+json\" class=\"yoast-schema-graph\">{\"@context\":\"https:\/\/schema.org\",\"@graph\":[{\"@type\":\"WebPage\",\"@id\":\"https:\/\/domaine-fritsch.com\/de\/produit\/aoc-cremant-dalsace-rose\/\",\"url\":\"https:\/\/domaine-fritsch.com\/de\/produit\/aoc-cremant-dalsace-rose\/\",\"name\":\"AOC Cr\u00e9mant d'Alsace ros\u00e9 - Domaine Fritsch\",\"isPartOf\":{\"@id\":\"https:\/\/domaine-fritsch.com\/de\/#website\"},\"primaryImageOfPage\":{\"@id\":\"https:\/\/domaine-fritsch.com\/de\/produit\/aoc-cremant-dalsace-rose\/#primaryimage\"},\"image\":{\"@id\":\"https:\/\/domaine-fritsch.com\/de\/produit\/aoc-cremant-dalsace-rose\/#primaryimage\"},\"thumbnailUrl\":\"https:\/\/domaine-fritsch.com\/wp-content\/uploads\/2025\/03\/cremant-alsace-rose.png\",\"datePublished\":\"2025-03-27T14:56:10+00:00\",\"description\":\"Dieser gl\u00e4nzende rosafarbene Cr\u00e9mant enth\u00fcllt Aromen von Erdbeeren und Himbeeren. Er ist elegant und lebhaft und eignet sich hervorragend zu Desserts oder einem sommerlichen Aperitif.\",\"breadcrumb\":{\"@id\":\"https:\/\/domaine-fritsch.com\/de\/produit\/aoc-cremant-dalsace-rose\/#breadcrumb\"},\"inLanguage\":\"de\",\"potentialAction\":[{\"@type\":\"ReadAction\",\"target\":[\"https:\/\/domaine-fritsch.com\/de\/produit\/aoc-cremant-dalsace-rose\/\"]}]},{\"@type\":\"ImageObject\",\"inLanguage\":\"de\",\"@id\":\"https:\/\/domaine-fritsch.com\/de\/produit\/aoc-cremant-dalsace-rose\/#primaryimage\",\"url\":\"https:\/\/domaine-fritsch.com\/wp-content\/uploads\/2025\/03\/cremant-alsace-rose.png\",\"contentUrl\":\"https:\/\/domaine-fritsch.com\/wp-content\/uploads\/2025\/03\/cremant-alsace-rose.png\",\"width\":450,\"height\":800},{\"@type\":\"BreadcrumbList\",\"@id\":\"https:\/\/domaine-fritsch.com\/de\/produit\/aoc-cremant-dalsace-rose\/#breadcrumb\",\"itemListElement\":[{\"@type\":\"ListItem\",\"position\":1,\"name\":\"Accueil\",\"item\":\"https:\/\/domaine-fritsch.com\/de\/startseite\/\"},{\"@type\":\"ListItem\",\"position\":2,\"name\":\"Produkte\",\"item\":\"https:\/\/domaine-fritsch.com\/de\/shop\/\"},{\"@type\":\"ListItem\",\"position\":3,\"name\":\"AOC Cr\u00e9mant d&#8217;Alsace ros\u00e9\"}]},{\"@type\":\"WebSite\",\"@id\":\"https:\/\/domaine-fritsch.com\/de\/#website\",\"url\":\"https:\/\/domaine-fritsch.com\/de\/\",\"name\":\"Domaine Fritsch\",\"description\":\"Vignerons \u00e0 Marlenheim\",\"potentialAction\":[{\"@type\":\"SearchAction\",\"target\":{\"@type\":\"EntryPoint\",\"urlTemplate\":\"https:\/\/domaine-fritsch.com\/de\/?s={search_term_string}\"},\"query-input\":{\"@type\":\"PropertyValueSpecification\",\"valueRequired\":true,\"valueName\":\"search_term_string\"}}],\"inLanguage\":\"de\"}]}<\/script>\n<!-- \/ Yoast SEO plugin. -->","yoast_head_json":{"title":"AOC Cr\u00e9mant d'Alsace ros\u00e9 - Domaine Fritsch","description":"Dieser gl\u00e4nzende rosafarbene Cr\u00e9mant enth\u00fcllt Aromen von Erdbeeren und Himbeeren. Er ist elegant und lebhaft und eignet sich hervorragend zu Desserts oder einem sommerlichen Aperitif.","robots":{"index":"index","follow":"follow","max-snippet":"max-snippet:-1","max-image-preview":"max-image-preview:large","max-video-preview":"max-video-preview:-1"},"canonical":"https:\/\/domaine-fritsch.com\/de\/produit\/aoc-cremant-dalsace-rose\/","og_locale":"de_DE","og_type":"article","og_title":"AOC Cr\u00e9mant d'Alsace ros\u00e9 - Domaine Fritsch","og_description":"Dieser gl\u00e4nzende rosafarbene Cr\u00e9mant enth\u00fcllt Aromen von Erdbeeren und Himbeeren. Er ist elegant und lebhaft und eignet sich hervorragend zu Desserts oder einem sommerlichen Aperitif.","og_url":"https:\/\/domaine-fritsch.com\/de\/produit\/aoc-cremant-dalsace-rose\/","og_site_name":"Domaine Fritsch","og_image":[{"width":450,"height":800,"url":"https:\/\/domaine-fritsch.com\/wp-content\/uploads\/2025\/03\/cremant-alsace-rose.png","type":"image\/png"}],"twitter_card":"summary_large_image","schema":{"@context":"https:\/\/schema.org","@graph":[{"@type":"WebPage","@id":"https:\/\/domaine-fritsch.com\/de\/produit\/aoc-cremant-dalsace-rose\/","url":"https:\/\/domaine-fritsch.com\/de\/produit\/aoc-cremant-dalsace-rose\/","name":"AOC Cr\u00e9mant d'Alsace ros\u00e9 - Domaine Fritsch","isPartOf":{"@id":"https:\/\/domaine-fritsch.com\/de\/#website"},"primaryImageOfPage":{"@id":"https:\/\/domaine-fritsch.com\/de\/produit\/aoc-cremant-dalsace-rose\/#primaryimage"},"image":{"@id":"https:\/\/domaine-fritsch.com\/de\/produit\/aoc-cremant-dalsace-rose\/#primaryimage"},"thumbnailUrl":"https:\/\/domaine-fritsch.com\/wp-content\/uploads\/2025\/03\/cremant-alsace-rose.png","datePublished":"2025-03-27T14:56:10+00:00","description":"Dieser gl\u00e4nzende rosafarbene Cr\u00e9mant enth\u00fcllt Aromen von Erdbeeren und Himbeeren. Er ist elegant und lebhaft und eignet sich hervorragend zu Desserts oder einem sommerlichen Aperitif.","breadcrumb":{"@id":"https:\/\/domaine-fritsch.com\/de\/produit\/aoc-cremant-dalsace-rose\/#breadcrumb"},"inLanguage":"de","potentialAction":[{"@type":"ReadAction","target":["https:\/\/domaine-fritsch.com\/de\/produit\/aoc-cremant-dalsace-rose\/"]}]},{"@type":"ImageObject","inLanguage":"de","@id":"https:\/\/domaine-fritsch.com\/de\/produit\/aoc-cremant-dalsace-rose\/#primaryimage","url":"https:\/\/domaine-fritsch.com\/wp-content\/uploads\/2025\/03\/cremant-alsace-rose.png","contentUrl":"https:\/\/domaine-fritsch.com\/wp-content\/uploads\/2025\/03\/cremant-alsace-rose.png","width":450,"height":800},{"@type":"BreadcrumbList","@id":"https:\/\/domaine-fritsch.com\/de\/produit\/aoc-cremant-dalsace-rose\/#breadcrumb","itemListElement":[{"@type":"ListItem","position":1,"name":"Accueil","item":"https:\/\/domaine-fritsch.com\/de\/startseite\/"},{"@type":"ListItem","position":2,"name":"Produkte","item":"https:\/\/domaine-fritsch.com\/de\/shop\/"},{"@type":"ListItem","position":3,"name":"AOC Cr\u00e9mant d&#8217;Alsace ros\u00e9"}]},{"@type":"WebSite","@id":"https:\/\/domaine-fritsch.com\/de\/#website","url":"https:\/\/domaine-fritsch.com\/de\/","name":"Domaine Fritsch","description":"Vignerons \u00e0 Marlenheim","potentialAction":[{"@type":"SearchAction","target":{"@type":"EntryPoint","urlTemplate":"https:\/\/domaine-fritsch.com\/de\/?s={search_term_string}"},"query-input":{"@type":"PropertyValueSpecification","valueRequired":true,"valueName":"search_term_string"}}],"inLanguage":"de"}]}},"_links":{"self":[{"href":"https:\/\/domaine-fritsch.com\/de\/wp-json\/wp\/v2\/product\/238067","targetHints":{"allow":["GET"]}}],"collection":[{"href":"https:\/\/domaine-fritsch.com\/de\/wp-json\/wp\/v2\/product"}],"about":[{"href":"https:\/\/domaine-fritsch.com\/de\/wp-json\/wp\/v2\/types\/product"}],"replies":[{"embeddable":true,"href":"https:\/\/domaine-fritsch.com\/de\/wp-json\/wp\/v2\/comments?post=238067"}],"wp:featuredmedia":[{"embeddable":true,"href":"https:\/\/domaine-fritsch.com\/de\/wp-json\/wp\/v2\/media\/237386"}],"wp:attachment":[{"href":"https:\/\/domaine-fritsch.com\/de\/wp-json\/wp\/v2\/media?parent=238067"}],"wp:term":[{"taxonomy":"product_brand","embeddable":true,"href":"https:\/\/domaine-fritsch.com\/de\/wp-json\/wp\/v2\/product_brand?post=238067"},{"taxonomy":"product_cat","embeddable":true,"href":"https:\/\/domaine-fritsch.com\/de\/wp-json\/wp\/v2\/product_cat?post=238067"},{"taxonomy":"product_tag","embeddable":true,"href":"https:\/\/domaine-fritsch.com\/de\/wp-json\/wp\/v2\/product_tag?post=238067"}],"curies":[{"name":"wp","href":"https:\/\/api.w.org\/{rel}","templated":true}]}}