{"id":238068,"date":"2025-03-27T14:56:10","date_gmt":"2025-03-27T14:56:10","guid":{"rendered":"https:\/\/www.domaine-fritsch.envol-dev.com\/produit\/vmq-mouscat\/"},"modified":"2025-03-27T14:56:10","modified_gmt":"2025-03-27T14:56:10","slug":"vmq-mouscat","status":"publish","type":"product","link":"https:\/\/domaine-fritsch.com\/de\/produit\/vmq-mouscat\/","title":{"rendered":"VMQ Mous&#8217;cat"},"content":{"rendered":"<p>Dieser Mous&#8217;cat wird auf die gleiche Weise wie die anderen Perlweine, die wir auf dem Weingut herstellen, aus Muscat-Trauben hergestellt. Wir haben diese Rebsorte gew\u00e4hlt, um einen Wein mit frischen Aromen zu erhalten, der nach dem Degorgieren st\u00e4rker dosiert wird, um eine sch\u00f6ne F\u00fclle zu bieten. Dieser Schaumwein ist perfekt, um einen Sonnenuntergang zu genie\u00dfen.  <\/p>\n","protected":false},"excerpt":{"rendered":"<p>Dieser nach der traditionellen Methode hergestellte Schaumwein wurde aus Muscat hergestellt. Mit seinem Gleichgewicht zwischen Vollmundigkeit und aromatischer Frische eignet er sich perfekt als Aperitif an einem sonnigen Abend. <\/p>\n","protected":false},"featured_media":237921,"comment_status":"closed","ping_status":"closed","template":"","meta":{"_et_pb_use_builder":"","_et_pb_old_content":"","_et_gb_content_width":""},"product_brand":[],"product_cat":[248],"product_tag":[],"class_list":{"0":"post-238068","1":"product","2":"type-product","3":"status-publish","4":"has-post-thumbnail","6":"product_cat-blasen","8":"first","9":"instock","10":"shipping-taxable","11":"product-type-simple"},"yoast_head":"<!-- This site is optimized with the Yoast SEO plugin v26.7 - https:\/\/yoast.com\/wordpress\/plugins\/seo\/ -->\n<title>VMQ Mous&#039;cat - Domaine Fritsch<\/title>\n<meta name=\"description\" content=\"Ein origineller Schaumwein auf der Basis von Muscat, der S\u00fc\u00dfe und aromatische Frische kombiniert. Perfekt f\u00fcr einen Moment der Gaumenfreude oder als s\u00fc\u00dfe Note zum Abschluss eines Essens.\" \/>\n<meta name=\"robots\" content=\"index, follow, max-snippet:-1, max-image-preview:large, max-video-preview:-1\" \/>\n<link rel=\"canonical\" href=\"https:\/\/domaine-fritsch.com\/de\/produit\/vmq-mouscat\/\" \/>\n<meta property=\"og:locale\" content=\"de_DE\" \/>\n<meta property=\"og:type\" content=\"article\" \/>\n<meta property=\"og:title\" content=\"VMQ Mous&#039;cat - Domaine Fritsch\" \/>\n<meta property=\"og:description\" content=\"Ein origineller Schaumwein auf der Basis von Muscat, der S\u00fc\u00dfe und aromatische Frische kombiniert. Perfekt f\u00fcr einen Moment der Gaumenfreude oder als s\u00fc\u00dfe Note zum Abschluss eines Essens.\" \/>\n<meta property=\"og:url\" content=\"https:\/\/domaine-fritsch.com\/de\/produit\/vmq-mouscat\/\" \/>\n<meta property=\"og:site_name\" content=\"Domaine Fritsch\" \/>\n<meta property=\"og:image\" content=\"https:\/\/domaine-fritsch.com\/wp-content\/uploads\/2025\/03\/web-_0012_Mouscat.png\" \/>\n\t<meta property=\"og:image:width\" content=\"450\" \/>\n\t<meta property=\"og:image:height\" content=\"801\" \/>\n\t<meta property=\"og:image:type\" content=\"image\/png\" \/>\n<meta name=\"twitter:card\" content=\"summary_large_image\" \/>\n<script type=\"application\/ld+json\" class=\"yoast-schema-graph\">{\"@context\":\"https:\/\/schema.org\",\"@graph\":[{\"@type\":\"WebPage\",\"@id\":\"https:\/\/domaine-fritsch.com\/de\/produit\/vmq-mouscat\/\",\"url\":\"https:\/\/domaine-fritsch.com\/de\/produit\/vmq-mouscat\/\",\"name\":\"VMQ Mous'cat - Domaine Fritsch\",\"isPartOf\":{\"@id\":\"https:\/\/domaine-fritsch.com\/de\/#website\"},\"primaryImageOfPage\":{\"@id\":\"https:\/\/domaine-fritsch.com\/de\/produit\/vmq-mouscat\/#primaryimage\"},\"image\":{\"@id\":\"https:\/\/domaine-fritsch.com\/de\/produit\/vmq-mouscat\/#primaryimage\"},\"thumbnailUrl\":\"https:\/\/domaine-fritsch.com\/wp-content\/uploads\/2025\/03\/web-_0012_Mouscat.png\",\"datePublished\":\"2025-03-27T14:56:10+00:00\",\"description\":\"Ein origineller Schaumwein auf der Basis von Muscat, der S\u00fc\u00dfe und aromatische Frische kombiniert. Perfekt f\u00fcr einen Moment der Gaumenfreude oder als s\u00fc\u00dfe Note zum Abschluss eines Essens.\",\"breadcrumb\":{\"@id\":\"https:\/\/domaine-fritsch.com\/de\/produit\/vmq-mouscat\/#breadcrumb\"},\"inLanguage\":\"de\",\"potentialAction\":[{\"@type\":\"ReadAction\",\"target\":[\"https:\/\/domaine-fritsch.com\/de\/produit\/vmq-mouscat\/\"]}]},{\"@type\":\"ImageObject\",\"inLanguage\":\"de\",\"@id\":\"https:\/\/domaine-fritsch.com\/de\/produit\/vmq-mouscat\/#primaryimage\",\"url\":\"https:\/\/domaine-fritsch.com\/wp-content\/uploads\/2025\/03\/web-_0012_Mouscat.png\",\"contentUrl\":\"https:\/\/domaine-fritsch.com\/wp-content\/uploads\/2025\/03\/web-_0012_Mouscat.png\",\"width\":450,\"height\":801},{\"@type\":\"BreadcrumbList\",\"@id\":\"https:\/\/domaine-fritsch.com\/de\/produit\/vmq-mouscat\/#breadcrumb\",\"itemListElement\":[{\"@type\":\"ListItem\",\"position\":1,\"name\":\"Accueil\",\"item\":\"https:\/\/domaine-fritsch.com\/de\/startseite\/\"},{\"@type\":\"ListItem\",\"position\":2,\"name\":\"Produkte\",\"item\":\"https:\/\/domaine-fritsch.com\/de\/shop\/\"},{\"@type\":\"ListItem\",\"position\":3,\"name\":\"VMQ Mous&#8217;cat\"}]},{\"@type\":\"WebSite\",\"@id\":\"https:\/\/domaine-fritsch.com\/de\/#website\",\"url\":\"https:\/\/domaine-fritsch.com\/de\/\",\"name\":\"Domaine Fritsch\",\"description\":\"Vignerons \u00e0 Marlenheim\",\"potentialAction\":[{\"@type\":\"SearchAction\",\"target\":{\"@type\":\"EntryPoint\",\"urlTemplate\":\"https:\/\/domaine-fritsch.com\/de\/?s={search_term_string}\"},\"query-input\":{\"@type\":\"PropertyValueSpecification\",\"valueRequired\":true,\"valueName\":\"search_term_string\"}}],\"inLanguage\":\"de\"}]}<\/script>\n<!-- \/ Yoast SEO plugin. -->","yoast_head_json":{"title":"VMQ Mous'cat - Domaine Fritsch","description":"Ein origineller Schaumwein auf der Basis von Muscat, der S\u00fc\u00dfe und aromatische Frische kombiniert. Perfekt f\u00fcr einen Moment der Gaumenfreude oder als s\u00fc\u00dfe Note zum Abschluss eines Essens.","robots":{"index":"index","follow":"follow","max-snippet":"max-snippet:-1","max-image-preview":"max-image-preview:large","max-video-preview":"max-video-preview:-1"},"canonical":"https:\/\/domaine-fritsch.com\/de\/produit\/vmq-mouscat\/","og_locale":"de_DE","og_type":"article","og_title":"VMQ Mous'cat - Domaine Fritsch","og_description":"Ein origineller Schaumwein auf der Basis von Muscat, der S\u00fc\u00dfe und aromatische Frische kombiniert. Perfekt f\u00fcr einen Moment der Gaumenfreude oder als s\u00fc\u00dfe Note zum Abschluss eines Essens.","og_url":"https:\/\/domaine-fritsch.com\/de\/produit\/vmq-mouscat\/","og_site_name":"Domaine Fritsch","og_image":[{"width":450,"height":801,"url":"https:\/\/domaine-fritsch.com\/wp-content\/uploads\/2025\/03\/web-_0012_Mouscat.png","type":"image\/png"}],"twitter_card":"summary_large_image","schema":{"@context":"https:\/\/schema.org","@graph":[{"@type":"WebPage","@id":"https:\/\/domaine-fritsch.com\/de\/produit\/vmq-mouscat\/","url":"https:\/\/domaine-fritsch.com\/de\/produit\/vmq-mouscat\/","name":"VMQ Mous'cat - Domaine Fritsch","isPartOf":{"@id":"https:\/\/domaine-fritsch.com\/de\/#website"},"primaryImageOfPage":{"@id":"https:\/\/domaine-fritsch.com\/de\/produit\/vmq-mouscat\/#primaryimage"},"image":{"@id":"https:\/\/domaine-fritsch.com\/de\/produit\/vmq-mouscat\/#primaryimage"},"thumbnailUrl":"https:\/\/domaine-fritsch.com\/wp-content\/uploads\/2025\/03\/web-_0012_Mouscat.png","datePublished":"2025-03-27T14:56:10+00:00","description":"Ein origineller Schaumwein auf der Basis von Muscat, der S\u00fc\u00dfe und aromatische Frische kombiniert. Perfekt f\u00fcr einen Moment der Gaumenfreude oder als s\u00fc\u00dfe Note zum Abschluss eines Essens.","breadcrumb":{"@id":"https:\/\/domaine-fritsch.com\/de\/produit\/vmq-mouscat\/#breadcrumb"},"inLanguage":"de","potentialAction":[{"@type":"ReadAction","target":["https:\/\/domaine-fritsch.com\/de\/produit\/vmq-mouscat\/"]}]},{"@type":"ImageObject","inLanguage":"de","@id":"https:\/\/domaine-fritsch.com\/de\/produit\/vmq-mouscat\/#primaryimage","url":"https:\/\/domaine-fritsch.com\/wp-content\/uploads\/2025\/03\/web-_0012_Mouscat.png","contentUrl":"https:\/\/domaine-fritsch.com\/wp-content\/uploads\/2025\/03\/web-_0012_Mouscat.png","width":450,"height":801},{"@type":"BreadcrumbList","@id":"https:\/\/domaine-fritsch.com\/de\/produit\/vmq-mouscat\/#breadcrumb","itemListElement":[{"@type":"ListItem","position":1,"name":"Accueil","item":"https:\/\/domaine-fritsch.com\/de\/startseite\/"},{"@type":"ListItem","position":2,"name":"Produkte","item":"https:\/\/domaine-fritsch.com\/de\/shop\/"},{"@type":"ListItem","position":3,"name":"VMQ Mous&#8217;cat"}]},{"@type":"WebSite","@id":"https:\/\/domaine-fritsch.com\/de\/#website","url":"https:\/\/domaine-fritsch.com\/de\/","name":"Domaine Fritsch","description":"Vignerons \u00e0 Marlenheim","potentialAction":[{"@type":"SearchAction","target":{"@type":"EntryPoint","urlTemplate":"https:\/\/domaine-fritsch.com\/de\/?s={search_term_string}"},"query-input":{"@type":"PropertyValueSpecification","valueRequired":true,"valueName":"search_term_string"}}],"inLanguage":"de"}]}},"_links":{"self":[{"href":"https:\/\/domaine-fritsch.com\/de\/wp-json\/wp\/v2\/product\/238068","targetHints":{"allow":["GET"]}}],"collection":[{"href":"https:\/\/domaine-fritsch.com\/de\/wp-json\/wp\/v2\/product"}],"about":[{"href":"https:\/\/domaine-fritsch.com\/de\/wp-json\/wp\/v2\/types\/product"}],"replies":[{"embeddable":true,"href":"https:\/\/domaine-fritsch.com\/de\/wp-json\/wp\/v2\/comments?post=238068"}],"wp:featuredmedia":[{"embeddable":true,"href":"https:\/\/domaine-fritsch.com\/de\/wp-json\/wp\/v2\/media\/237921"}],"wp:attachment":[{"href":"https:\/\/domaine-fritsch.com\/de\/wp-json\/wp\/v2\/media?parent=238068"}],"wp:term":[{"taxonomy":"product_brand","embeddable":true,"href":"https:\/\/domaine-fritsch.com\/de\/wp-json\/wp\/v2\/product_brand?post=238068"},{"taxonomy":"product_cat","embeddable":true,"href":"https:\/\/domaine-fritsch.com\/de\/wp-json\/wp\/v2\/product_cat?post=238068"},{"taxonomy":"product_tag","embeddable":true,"href":"https:\/\/domaine-fritsch.com\/de\/wp-json\/wp\/v2\/product_tag?post=238068"}],"curies":[{"name":"wp","href":"https:\/\/api.w.org\/{rel}","templated":true}]}}